{"id":59353,"date":"2025-02-05T01:41:59","date_gmt":"2025-02-05T01:41:59","guid":{"rendered":"https:\/\/wheelfront.com\/shop\/product\/borla-sportsman-xr-1-shorty-3in-in-out-x-12in-muffle-40943\/"},"modified":"2026-04-16T14:07:14","modified_gmt":"2026-04-16T14:07:14","slug":"borla-sportsman-xr-1-shorty-3in-in-out-x-12in-muffle-40943","status":"publish","type":"product","link":"https:\/\/wheelfront.com\/shop\/product\/borla-sportsman-xr-1-shorty-3in-in-out-x-12in-muffle-40943\/","title":{"rendered":"BORLA Sportsman XR-1 Shorty 3in In\/Out x 12in Muffle 40943"},"content":{"rendered":"<p>Muffler &#8211; XR-1 Sportsman &#8211; 3 in Center Inlet &#8211; 3 in Center Outlet &#8211; 12 x 4.5 x 7.875 in Oval Body &#8211; 16 in Long &#8211; Stainless &#8211; Natural &#8211; Universal &#8211; Each<br \/>\nThis part is designed and intended for installation in Ancient (Model Year 1974 or earlier), or Competition, or Racing Vehicles. Competition or Racing Vehicles may be operated exclusively in 1) events organized by recognized bodies with authorizing permits for participating drivers. 2) racing event qualification, and 3) practice associated with events. Installation and operation of this part in a non-Ancient street driven Vehicle, including driving Competition or Racing Vehicles to the racetrack, is likely to be considered illegal \u00c3\u00c2\u00c3\u00c2\u00c3\u00c2\u00c3\u00c2\u00c3\u00c2\u00c3\u00c2\u00c3\u00c2\u00c3\u00c2Tampering \u00c3\u00c2\u00c3\u00c2\u00c3\u00c2\u00c3\u00c2\u00c3\u00c2\u00c3\u00c2\u00c3\u00c2\u00c3\u00c2 or a \u00c3\u00c2\u00c3\u00c2\u00c3\u00c2\u00c3\u00c2\u00c3\u00c2\u00c3\u00c2\u00c3\u00c2\u00c3\u00c2Defeat Device<br \/>\n<div id=\"footable_parent_19511\"\n         class=\" footable_parent ninja_table_wrapper loading_ninja_table wp_table_data_press_parent semantic_ui \">\n                    <h3 class=\"table_title footable_title\">Why Choose Us?<\/h3>\n                        <table data-ninja_table_instance=\"ninja_table_instance_0\" data-footable_id=\"19511\" data-filter-delay=\"1000\" aria-label=\"Why Choose Us?\"            id=\"footable_19511\"\n           data-unique_identifier=\"ninja_table_unique_id_2334937478_19511\"\n           class=\" foo-table ninja_footable foo_table_19511 ninja_table_unique_id_2334937478_19511 ui table  nt_type_ajax_table celled hide_horizonal_borders striped vertical_centered  footable-paging-center ninja_table_search_disabled\">\n                <colgroup>\n                            <col class=\"ninja_column_0 \">\n                            <col class=\"ninja_column_1 \">\n                            <col class=\"ninja_column_2 \">\n                    <\/colgroup>\n            <\/table>\n    \n    \n    \n<\/div>\n<\/p>\n","protected":false},"excerpt":{"rendered":"<p>Muffler &#8211; XR-1 Sportsman &#8211; 3 in Center Inlet &#8211; 3 in Center Outlet &#8211; 12 x 4.5 x 7.875 in Oval Body &#8211; 16 in Long &#8211; Stainless &#8211; Natural &#8211; Universal &#8211; Each<br \/>\nThis part is designed and intended for installation in Ancient (Model Year 1974 or earlier), or Competition, or Racing Vehicles. Competition or Racing Vehicles may be operated exclusively in 1) events organized by recognized bodies with authorizing permits for participating drivers. 2) racing event qualification, and 3) practice associated with events. Installation and operation of this part in a non-Ancient street driven Vehicle, including driving Competition or Racing Vehicles to the racetrack, is likely to be considered illegal \u00c3\u00c2\u00c3\u00c2\u00c3\u00c2\u00c3\u00c2\u00c3\u00c2\u00c3\u00c2\u00c3\u00c2\u00c3\u00c2Tampering \u00c3\u00c2\u00c3\u00c2\u00c3\u00c2\u00c3\u00c2\u00c3\u00c2\u00c3\u00c2\u00c3\u00c2\u00c3\u00c2 or a \u00c3\u00c2\u00c3\u00c2\u00c3\u00c2\u00c3\u00c2\u00c3\u00c2\u00c3\u00c2\u00c3\u00c2\u00c3\u00c2Defeat Device<\/p>\n","protected":false},"featured_media":59354,"comment_status":"open","ping_status":"open","template":"","meta":[],"product_cat":[34828,36682],"product_tag":[34831,36683,37435],"vehicles":[],"misspellings":[],"woo-feed-brand":[],"class_list":{"0":"post-59353","1":"product","2":"type-product","3":"status-publish","4":"has-post-thumbnail","6":"product_cat-exhaust","7":"product_cat-mufflers-and-resonators","8":"product_tag-exhaust","9":"product_tag-mufflers-and-components","10":"product_tag-mufflers-and-resonators","11":"product_shipping_class-fast-shipping","12":"pa_brand-borla","13":"pa_condition-new","14":"pa_type-2-mufflers-and-components","16":"first","17":"instock","18":"sale","19":"taxable","20":"shipping-taxable","21":"purchasable","22":"product-type-simple"},"yoast_head":"<!-- This site is optimized with the Yoast SEO Premium plugin v23.9 (Yoast SEO v27.4) - https:\/\/yoast.com\/product\/yoast-seo-premium-wordpress\/ -->\n<title>BORLA Sportsman XR-1 Shorty 3in In\/Out x 12in Muffle 40943<\/title>\n<meta name=\"description\" content=\"BORLA Sportsman XR-1 Shorty 3in In\/Out x 12in Muffle 40943 - Wheel Front Aftermarket Shop . Buy Auto Parts on Wheel Front Shop. Quality parts. Perfect fit. Fast delivery.\" \/>\n<meta name=\"robots\" content=\"index, follow, max-snippet:-1, max-image-preview:large, max-video-preview:-1\" \/>\n<link rel=\"canonical\" href=\"https:\/\/wheelfront.com\/shop\/product\/borla-sportsman-xr-1-shorty-3in-in-out-x-12in-muffle-40943\/\" \/>\n<meta property=\"og:locale\" content=\"en_US\" \/>\n<meta property=\"og:type\" content=\"article\" \/>\n<meta property=\"og:title\" content=\"BORLA Sportsman XR-1 Shorty 3in In\/Out x 12in Muffle 40943\" \/>\n<meta property=\"og:description\" content=\"BORLA Sportsman XR-1 Shorty 3in In\/Out x 12in Muffle 40943 - Wheel Front Aftermarket Shop . Buy Auto Parts on Wheel Front Shop. Quality parts. Perfect fit. Fast delivery.\" \/>\n<meta property=\"og:url\" content=\"https:\/\/wheelfront.com\/shop\/product\/borla-sportsman-xr-1-shorty-3in-in-out-x-12in-muffle-40943\/\" \/>\n<meta property=\"og:site_name\" content=\"Wheel Front Aftermarket Shop\" \/>\n<meta property=\"article:publisher\" content=\"https:\/\/www.facebook.com\/wheelfront\/\" \/>\n<meta property=\"article:modified_time\" content=\"2026-04-16T14:07:14+00:00\" \/>\n<meta property=\"og:image\" content=\"https:\/\/wheelfront.com\/shop\/wp-content\/uploads\/BOR40943.jpg\" \/>\n\t<meta property=\"og:image:width\" content=\"1270\" \/>\n\t<meta property=\"og:image:height\" content=\"900\" \/>\n\t<meta property=\"og:image:type\" content=\"image\/jpeg\" \/>\n<meta name=\"twitter:card\" content=\"summary_large_image\" \/>\n<meta name=\"twitter:label1\" content=\"Price\" \/>\n\t<meta name=\"twitter:data1\" content=\"&#036;153.99\" \/>\n\t<meta name=\"twitter:label2\" content=\"Availability\" \/>\n\t<meta name=\"twitter:data2\" content=\"In stock\" \/>\n<script type=\"application\/ld+json\" class=\"yoast-schema-graph\">{\"@context\":\"https:\\\/\\\/schema.org\",\"@graph\":[{\"@type\":\"WebPage\",\"@id\":\"https:\\\/\\\/wheelfront.com\\\/shop\\\/product\\\/borla-sportsman-xr-1-shorty-3in-in-out-x-12in-muffle-40943\\\/\",\"url\":\"https:\\\/\\\/wheelfront.com\\\/shop\\\/product\\\/borla-sportsman-xr-1-shorty-3in-in-out-x-12in-muffle-40943\\\/\",\"name\":\"BORLA Sportsman XR-1 Shorty 3in In\\\/Out x 12in Muffle 40943\",\"isPartOf\":{\"@id\":\"https:\\\/\\\/wheelfront.com\\\/shop\\\/#website\"},\"primaryImageOfPage\":{\"@id\":\"https:\\\/\\\/wheelfront.com\\\/shop\\\/product\\\/borla-sportsman-xr-1-shorty-3in-in-out-x-12in-muffle-40943\\\/#primaryimage\"},\"image\":{\"@id\":\"https:\\\/\\\/wheelfront.com\\\/shop\\\/product\\\/borla-sportsman-xr-1-shorty-3in-in-out-x-12in-muffle-40943\\\/#primaryimage\"},\"thumbnailUrl\":\"https:\\\/\\\/wheelfront.com\\\/shop\\\/wp-content\\\/uploads\\\/BOR40943.jpg\",\"datePublished\":\"2025-02-05T01:41:59+00:00\",\"dateModified\":\"2026-04-16T14:07:14+00:00\",\"description\":\"BORLA Sportsman XR-1 Shorty 3in In\\\/Out x 12in Muffle 40943 - Wheel Front Aftermarket Shop . Buy Auto Parts on Wheel Front Shop. Quality parts. Perfect fit. Fast delivery.\",\"breadcrumb\":{\"@id\":\"https:\\\/\\\/wheelfront.com\\\/shop\\\/product\\\/borla-sportsman-xr-1-shorty-3in-in-out-x-12in-muffle-40943\\\/#breadcrumb\"},\"inLanguage\":\"en-US\",\"potentialAction\":[{\"@type\":\"ReadAction\",\"target\":[\"https:\\\/\\\/wheelfront.com\\\/shop\\\/product\\\/borla-sportsman-xr-1-shorty-3in-in-out-x-12in-muffle-40943\\\/\"]}]},{\"@type\":\"ImageObject\",\"inLanguage\":\"en-US\",\"@id\":\"https:\\\/\\\/wheelfront.com\\\/shop\\\/product\\\/borla-sportsman-xr-1-shorty-3in-in-out-x-12in-muffle-40943\\\/#primaryimage\",\"url\":\"https:\\\/\\\/wheelfront.com\\\/shop\\\/wp-content\\\/uploads\\\/BOR40943.jpg\",\"contentUrl\":\"https:\\\/\\\/wheelfront.com\\\/shop\\\/wp-content\\\/uploads\\\/BOR40943.jpg\",\"width\":1270,\"height\":900,\"caption\":\"BORLA Sportsman XR-1 Shorty 3in In\\\/Out x 12in Muffle 40943\"},{\"@type\":\"BreadcrumbList\",\"@id\":\"https:\\\/\\\/wheelfront.com\\\/shop\\\/product\\\/borla-sportsman-xr-1-shorty-3in-in-out-x-12in-muffle-40943\\\/#breadcrumb\",\"itemListElement\":[{\"@type\":\"ListItem\",\"position\":1,\"name\":\"Home\",\"item\":\"https:\\\/\\\/wheelfront.com\\\/shop\\\/\"},{\"@type\":\"ListItem\",\"position\":2,\"name\":\"Shop\",\"item\":\"https:\\\/\\\/wheelfront.com\\\/shop\\\/shop-all\\\/\"},{\"@type\":\"ListItem\",\"position\":3,\"name\":\"BORLA Sportsman XR-1 Shorty 3in In\\\/Out x 12in Muffle 40943\"}]},{\"@type\":\"WebSite\",\"@id\":\"https:\\\/\\\/wheelfront.com\\\/shop\\\/#website\",\"url\":\"https:\\\/\\\/wheelfront.com\\\/shop\\\/\",\"name\":\"Wheel Front Aftermarket Shop\",\"description\":\"Auto Parts, Car Wheels and Accessories\",\"publisher\":{\"@id\":\"https:\\\/\\\/wheelfront.com\\\/shop\\\/#organization\"},\"alternateName\":\"Wheel Front Shop\",\"potentialAction\":[{\"@type\":\"SearchAction\",\"target\":{\"@type\":\"EntryPoint\",\"urlTemplate\":\"https:\\\/\\\/wheelfront.com\\\/shop\\\/?s={search_term_string}\"},\"query-input\":{\"@type\":\"PropertyValueSpecification\",\"valueRequired\":true,\"valueName\":\"search_term_string\"}}],\"inLanguage\":\"en-US\"},{\"@type\":[\"Organization\",\"Place\",\"AutomotiveBusiness\"],\"@id\":\"https:\\\/\\\/wheelfront.com\\\/shop\\\/#organization\",\"name\":\"Wheel Front Ltd. Liability Company\",\"alternateName\":\"Wheel Front\",\"url\":\"https:\\\/\\\/wheelfront.com\\\/shop\\\/\",\"logo\":{\"@id\":\"https:\\\/\\\/wheelfront.com\\\/shop\\\/product\\\/borla-sportsman-xr-1-shorty-3in-in-out-x-12in-muffle-40943\\\/#local-main-organization-logo\"},\"image\":{\"@id\":\"https:\\\/\\\/wheelfront.com\\\/shop\\\/product\\\/borla-sportsman-xr-1-shorty-3in-in-out-x-12in-muffle-40943\\\/#local-main-organization-logo\"},\"sameAs\":[\"https:\\\/\\\/www.facebook.com\\\/wheelfront\\\/\",\"https:\\\/\\\/instagram.com\\\/wheel_front\\\/\",\"https:\\\/\\\/www.youtube.com\\\/channel\\\/UCl-Wgoq8L-YovGmjMLGKwgg\\\/videos\",\"https:\\\/\\\/www.pinterest.com\\\/wheelfront\\\/\"],\"description\":\"Wheel Front was established in 2018, fully concentrate on Aftermarket Wheels industry, Auto Parts and Automotive industry.\",\"legalName\":\"Wheel Front Ltd. Liability Company\",\"foundingDate\":\"2024-12-02\",\"numberOfEmployees\":{\"@type\":\"QuantitativeValue\",\"minValue\":\"1\",\"maxValue\":\"10\"},\"publishingPrinciples\":\"https:\\\/\\\/wheelfront.com\\\/shop\\\/terms-of-service\\\/\",\"ownershipFundingInfo\":\"https:\\\/\\\/wheelfront.com\\\/shop\\\/about-us\\\/\",\"actionableFeedbackPolicy\":\"https:\\\/\\\/wheelfront.com\\\/shop\\\/terms-of-service\\\/\",\"ethicsPolicy\":\"https:\\\/\\\/wheelfront.com\\\/shop\\\/terms-of-service\\\/\",\"address\":{\"@id\":\"https:\\\/\\\/wheelfront.com\\\/shop\\\/product\\\/borla-sportsman-xr-1-shorty-3in-in-out-x-12in-muffle-40943\\\/#local-main-place-address\"},\"geo\":{\"@type\":\"GeoCoordinates\",\"latitude\":\"44.7977766\",\"longitude\":\"-106.9549483\"},\"telephone\":[\"+1 (307) 333-9930\"],\"contactPoint\":{\"@type\":\"ContactPoint\",\"email\":\"info@wheelfront.com\"},\"openingHoursSpecification\":{\"@type\":\"OpeningHoursSpecification\",\"dayOfWeek\":[\"Monday\",\"Tuesday\",\"Wednesday\",\"Thursday\",\"Friday\",\"Saturday\",\"Sunday\"],\"opens\":\"00:00\",\"closes\":\"23:59\"},\"email\":\"info@wheelfront.com\",\"taxID\":\"981829216\",\"priceRange\":\"$\",\"paymentAccepted\":\"Credit\\\/Debit Cards, ACH Payment, Amazon Pay, Direct bank transfer\"},{\"@type\":\"PostalAddress\",\"@id\":\"https:\\\/\\\/wheelfront.com\\\/shop\\\/product\\\/borla-sportsman-xr-1-shorty-3in-in-out-x-12in-muffle-40943\\\/#local-main-place-address\",\"streetAddress\":\"30 N Gould St #40137\",\"addressLocality\":\"Sheridan\",\"postalCode\":\"82801\",\"addressRegion\":\"Wyoming\",\"addressCountry\":\"US\"},{\"@type\":\"ImageObject\",\"inLanguage\":\"en-US\",\"@id\":\"https:\\\/\\\/wheelfront.com\\\/shop\\\/product\\\/borla-sportsman-xr-1-shorty-3in-in-out-x-12in-muffle-40943\\\/#local-main-organization-logo\",\"url\":\"https:\\\/\\\/wheelfront.com\\\/shop\\\/wp-content\\\/uploads\\\/Untitled-design-13.png\",\"contentUrl\":\"https:\\\/\\\/wheelfront.com\\\/shop\\\/wp-content\\\/uploads\\\/Untitled-design-13.png\",\"width\":500,\"height\":500,\"caption\":\"Wheel Front Ltd. Liability Company\"}]}<\/script>\n<meta property=\"product:brand\" content=\"BORLA\" \/>\n<meta property=\"product:price:amount\" content=\"153.99\" \/>\n<meta property=\"product:price:currency\" content=\"USD\" \/>\n<meta property=\"og:availability\" content=\"instock\" \/>\n<meta property=\"product:availability\" content=\"instock\" \/>\n<meta property=\"product:retailer_item_id\" content=\"BOR40943\" \/>\n<meta property=\"product:condition\" content=\"new\" \/>\n<meta name=\"geo.placename\" content=\"Sheridan\" \/>\n<meta name=\"geo.position\" content=\"44.7977766;-106.9549483\" \/>\n<meta name=\"geo.region\" content=\"United States (US)\" \/>\n<!-- \/ Yoast SEO Premium plugin. -->","yoast_head_json":{"title":"BORLA Sportsman XR-1 Shorty 3in In\/Out x 12in Muffle 40943","description":"BORLA Sportsman XR-1 Shorty 3in In\/Out x 12in Muffle 40943 - Wheel Front Aftermarket Shop . Buy Auto Parts on Wheel Front Shop. Quality parts. Perfect fit. Fast delivery.","robots":{"index":"index","follow":"follow","max-snippet":"max-snippet:-1","max-image-preview":"max-image-preview:large","max-video-preview":"max-video-preview:-1"},"canonical":"https:\/\/wheelfront.com\/shop\/product\/borla-sportsman-xr-1-shorty-3in-in-out-x-12in-muffle-40943\/","og_locale":"en_US","og_type":"article","og_title":"BORLA Sportsman XR-1 Shorty 3in In\/Out x 12in Muffle 40943","og_description":"BORLA Sportsman XR-1 Shorty 3in In\/Out x 12in Muffle 40943 - Wheel Front Aftermarket Shop . Buy Auto Parts on Wheel Front Shop. Quality parts. Perfect fit. Fast delivery.","og_url":"https:\/\/wheelfront.com\/shop\/product\/borla-sportsman-xr-1-shorty-3in-in-out-x-12in-muffle-40943\/","og_site_name":"Wheel Front Aftermarket Shop","article_publisher":"https:\/\/www.facebook.com\/wheelfront\/","article_modified_time":"2026-04-16T14:07:14+00:00","og_image":[{"width":1270,"height":900,"url":"https:\/\/wheelfront.com\/shop\/wp-content\/uploads\/BOR40943.jpg","type":"image\/jpeg"}],"twitter_card":"summary_large_image","twitter_misc":{"Price":"&#36;153.99","Availability":"In stock"},"schema":{"@context":"https:\/\/schema.org","@graph":[{"@type":"WebPage","@id":"https:\/\/wheelfront.com\/shop\/product\/borla-sportsman-xr-1-shorty-3in-in-out-x-12in-muffle-40943\/","url":"https:\/\/wheelfront.com\/shop\/product\/borla-sportsman-xr-1-shorty-3in-in-out-x-12in-muffle-40943\/","name":"BORLA Sportsman XR-1 Shorty 3in In\/Out x 12in Muffle 40943","isPartOf":{"@id":"https:\/\/wheelfront.com\/shop\/#website"},"primaryImageOfPage":{"@id":"https:\/\/wheelfront.com\/shop\/product\/borla-sportsman-xr-1-shorty-3in-in-out-x-12in-muffle-40943\/#primaryimage"},"image":{"@id":"https:\/\/wheelfront.com\/shop\/product\/borla-sportsman-xr-1-shorty-3in-in-out-x-12in-muffle-40943\/#primaryimage"},"thumbnailUrl":"https:\/\/wheelfront.com\/shop\/wp-content\/uploads\/BOR40943.jpg","datePublished":"2025-02-05T01:41:59+00:00","dateModified":"2026-04-16T14:07:14+00:00","description":"BORLA Sportsman XR-1 Shorty 3in In\/Out x 12in Muffle 40943 - Wheel Front Aftermarket Shop . Buy Auto Parts on Wheel Front Shop. Quality parts. Perfect fit. Fast delivery.","breadcrumb":{"@id":"https:\/\/wheelfront.com\/shop\/product\/borla-sportsman-xr-1-shorty-3in-in-out-x-12in-muffle-40943\/#breadcrumb"},"inLanguage":"en-US","potentialAction":[{"@type":"ReadAction","target":["https:\/\/wheelfront.com\/shop\/product\/borla-sportsman-xr-1-shorty-3in-in-out-x-12in-muffle-40943\/"]}]},{"@type":"ImageObject","inLanguage":"en-US","@id":"https:\/\/wheelfront.com\/shop\/product\/borla-sportsman-xr-1-shorty-3in-in-out-x-12in-muffle-40943\/#primaryimage","url":"https:\/\/wheelfront.com\/shop\/wp-content\/uploads\/BOR40943.jpg","contentUrl":"https:\/\/wheelfront.com\/shop\/wp-content\/uploads\/BOR40943.jpg","width":1270,"height":900,"caption":"BORLA Sportsman XR-1 Shorty 3in In\/Out x 12in Muffle 40943"},{"@type":"BreadcrumbList","@id":"https:\/\/wheelfront.com\/shop\/product\/borla-sportsman-xr-1-shorty-3in-in-out-x-12in-muffle-40943\/#breadcrumb","itemListElement":[{"@type":"ListItem","position":1,"name":"Home","item":"https:\/\/wheelfront.com\/shop\/"},{"@type":"ListItem","position":2,"name":"Shop","item":"https:\/\/wheelfront.com\/shop\/shop-all\/"},{"@type":"ListItem","position":3,"name":"BORLA Sportsman XR-1 Shorty 3in In\/Out x 12in Muffle 40943"}]},{"@type":"WebSite","@id":"https:\/\/wheelfront.com\/shop\/#website","url":"https:\/\/wheelfront.com\/shop\/","name":"Wheel Front Aftermarket Shop","description":"Auto Parts, Car Wheels and Accessories","publisher":{"@id":"https:\/\/wheelfront.com\/shop\/#organization"},"alternateName":"Wheel Front Shop","potentialAction":[{"@type":"SearchAction","target":{"@type":"EntryPoint","urlTemplate":"https:\/\/wheelfront.com\/shop\/?s={search_term_string}"},"query-input":{"@type":"PropertyValueSpecification","valueRequired":true,"valueName":"search_term_string"}}],"inLanguage":"en-US"},{"@type":["Organization","Place","AutomotiveBusiness"],"@id":"https:\/\/wheelfront.com\/shop\/#organization","name":"Wheel Front Ltd. Liability Company","alternateName":"Wheel Front","url":"https:\/\/wheelfront.com\/shop\/","logo":{"@id":"https:\/\/wheelfront.com\/shop\/product\/borla-sportsman-xr-1-shorty-3in-in-out-x-12in-muffle-40943\/#local-main-organization-logo"},"image":{"@id":"https:\/\/wheelfront.com\/shop\/product\/borla-sportsman-xr-1-shorty-3in-in-out-x-12in-muffle-40943\/#local-main-organization-logo"},"sameAs":["https:\/\/www.facebook.com\/wheelfront\/","https:\/\/instagram.com\/wheel_front\/","https:\/\/www.youtube.com\/channel\/UCl-Wgoq8L-YovGmjMLGKwgg\/videos","https:\/\/www.pinterest.com\/wheelfront\/"],"description":"Wheel Front was established in 2018, fully concentrate on Aftermarket Wheels industry, Auto Parts and Automotive industry.","legalName":"Wheel Front Ltd. Liability Company","foundingDate":"2024-12-02","numberOfEmployees":{"@type":"QuantitativeValue","minValue":"1","maxValue":"10"},"publishingPrinciples":"https:\/\/wheelfront.com\/shop\/terms-of-service\/","ownershipFundingInfo":"https:\/\/wheelfront.com\/shop\/about-us\/","actionableFeedbackPolicy":"https:\/\/wheelfront.com\/shop\/terms-of-service\/","ethicsPolicy":"https:\/\/wheelfront.com\/shop\/terms-of-service\/","address":{"@id":"https:\/\/wheelfront.com\/shop\/product\/borla-sportsman-xr-1-shorty-3in-in-out-x-12in-muffle-40943\/#local-main-place-address"},"geo":{"@type":"GeoCoordinates","latitude":"44.7977766","longitude":"-106.9549483"},"telephone":["+1 (307) 333-9930"],"contactPoint":{"@type":"ContactPoint","email":"info@wheelfront.com"},"openingHoursSpecification":{"@type":"OpeningHoursSpecification","dayOfWeek":["Monday","Tuesday","Wednesday","Thursday","Friday","Saturday","Sunday"],"opens":"00:00","closes":"23:59"},"email":"info@wheelfront.com","taxID":"981829216","priceRange":"$","paymentAccepted":"Credit\/Debit Cards, ACH Payment, Amazon Pay, Direct bank transfer"},{"@type":"PostalAddress","@id":"https:\/\/wheelfront.com\/shop\/product\/borla-sportsman-xr-1-shorty-3in-in-out-x-12in-muffle-40943\/#local-main-place-address","streetAddress":"30 N Gould St #40137","addressLocality":"Sheridan","postalCode":"82801","addressRegion":"Wyoming","addressCountry":"US"},{"@type":"ImageObject","inLanguage":"en-US","@id":"https:\/\/wheelfront.com\/shop\/product\/borla-sportsman-xr-1-shorty-3in-in-out-x-12in-muffle-40943\/#local-main-organization-logo","url":"https:\/\/wheelfront.com\/shop\/wp-content\/uploads\/Untitled-design-13.png","contentUrl":"https:\/\/wheelfront.com\/shop\/wp-content\/uploads\/Untitled-design-13.png","width":500,"height":500,"caption":"Wheel Front Ltd. Liability Company"}]},"product_brand":"BORLA","product_price_amount":"153.99","product_price_currency":"USD","og_availability":"instock","product_availability":"instock","product_retailer_item_id":"BOR40943","product_condition":"new","geo.placename":"Sheridan","geo.position":{"lat":"44.7977766","long":"-106.9549483"},"geo.region":"United States (US)"},"_links":{"self":[{"href":"https:\/\/wheelfront.com\/shop\/wp-json\/wp\/v2\/product\/59353","targetHints":{"allow":["GET"]}}],"collection":[{"href":"https:\/\/wheelfront.com\/shop\/wp-json\/wp\/v2\/product"}],"about":[{"href":"https:\/\/wheelfront.com\/shop\/wp-json\/wp\/v2\/types\/product"}],"replies":[{"embeddable":true,"href":"https:\/\/wheelfront.com\/shop\/wp-json\/wp\/v2\/comments?post=59353"}],"wp:featuredmedia":[{"embeddable":true,"href":"https:\/\/wheelfront.com\/shop\/wp-json\/wp\/v2\/media\/59354"}],"wp:attachment":[{"href":"https:\/\/wheelfront.com\/shop\/wp-json\/wp\/v2\/media?parent=59353"}],"wp:term":[{"taxonomy":"product_cat","embeddable":true,"href":"https:\/\/wheelfront.com\/shop\/wp-json\/wp\/v2\/product_cat?post=59353"},{"taxonomy":"product_tag","embeddable":true,"href":"https:\/\/wheelfront.com\/shop\/wp-json\/wp\/v2\/product_tag?post=59353"},{"taxonomy":"vehicles","embeddable":true,"href":"https:\/\/wheelfront.com\/shop\/wp-json\/wp\/v2\/vehicles?post=59353"},{"taxonomy":"misspellings","embeddable":true,"href":"https:\/\/wheelfront.com\/shop\/wp-json\/wp\/v2\/misspellings?post=59353"},{"taxonomy":"woo-feed-brand","embeddable":true,"href":"https:\/\/wheelfront.com\/shop\/wp-json\/wp\/v2\/woo-feed-brand?post=59353"}],"curies":[{"name":"wp","href":"https:\/\/api.w.org\/{rel}","templated":true}]}}