{"id":57296,"date":"2025-02-05T01:15:27","date_gmt":"2025-02-05T01:15:27","guid":{"rendered":"https:\/\/wheelfront.com\/shop\/product\/beyea-custom-headers-sbc-modified-header-1-3-4-to-1-7-8-shaw-idm-23s2-b\/"},"modified":"2026-04-07T19:57:37","modified_gmt":"2026-04-07T19:57:37","slug":"beyea-custom-headers-sbc-modified-header-1-3-4-to-1-7-8-shaw-idm-23s2-b","status":"publish","type":"product","link":"https:\/\/wheelfront.com\/shop\/product\/beyea-custom-headers-sbc-modified-header-1-3-4-to-1-7-8-shaw-idm-23s2-b\/","title":{"rendered":"BEYEA CUSTOM HEADERS SBC Modified Header 1-3\/4 to 1-7\/8 Shaw IDM-23S2-B"},"content":{"rendered":"<p>Headers &#8211; IMCA-UMP Modified &#8211; 1.75 to 1.875 in Primary &#8211; 3.5 in Collector &#8211; Gaskets Included &#8211; Steel &#8211; Black Paint &#8211; Small Block Chevy &#8211; Pair<br \/>\nThis part is designed and intended for installation in Ancient (Model Year 1974 or earlier), or Competition, or Racing Vehicles. Competition or Racing Vehicles may be operated exclusively in 1) events organized by recognized bodies with authorizing permits for participating drivers. 2) racing event qualification, and 3) practice associated with events. Installation and operation of this part in a non-Ancient street driven Vehicle, including driving Competition or Racing Vehicles to the racetrack, is likely to be considered illegal \u00c3\u00c2\u00c3\u00c2\u00c3\u00c2\u00c3\u00c2\u00c3\u00c2\u00c3\u00c2\u00c3\u00c2\u00c3\u00c2Tampering \u00c3\u00c2\u00c3\u00c2\u00c3\u00c2\u00c3\u00c2\u00c3\u00c2\u00c3\u00c2\u00c3\u00c2\u00c3\u00c2 or a \u00c3\u00c2\u00c3\u00c2\u00c3\u00c2\u00c3\u00c2\u00c3\u00c2\u00c3\u00c2\u00c3\u00c2\u00c3\u00c2Defeat Device<br \/>\n<div id=\"footable_parent_19511\"\n         class=\" footable_parent ninja_table_wrapper loading_ninja_table wp_table_data_press_parent semantic_ui \">\n                    <h3 class=\"table_title footable_title\">Why Choose Us?<\/h3>\n                        <table data-ninja_table_instance=\"ninja_table_instance_0\" data-footable_id=\"19511\" data-filter-delay=\"1000\" aria-label=\"Why Choose Us?\"            id=\"footable_19511\"\n           data-unique_identifier=\"ninja_table_unique_id_1075270157_19511\"\n           class=\" foo-table ninja_footable foo_table_19511 ninja_table_unique_id_1075270157_19511 ui table  nt_type_ajax_table celled hide_horizonal_borders striped vertical_centered  footable-paging-center ninja_table_search_disabled\">\n                <colgroup>\n                            <col class=\"ninja_column_0 \">\n                            <col class=\"ninja_column_1 \">\n                            <col class=\"ninja_column_2 \">\n                    <\/colgroup>\n            <\/table>\n    \n    \n    \n<\/div>\n<\/p>\n","protected":false},"excerpt":{"rendered":"<p>Headers &#8211; IMCA-UMP Modified &#8211; 1.75 to 1.875 in Primary &#8211; 3.5 in Collector &#8211; Gaskets Included &#8211; Steel &#8211; Black Paint &#8211; Small Block Chevy &#8211; Pair<br \/>\nThis part is designed and intended for installation in Ancient (Model Year 1974 or earlier), or Competition, or Racing Vehicles. Competition or Racing Vehicles may be operated exclusively in 1) events organized by recognized bodies with authorizing permits for participating drivers. 2) racing event qualification, and 3) practice associated with events. Installation and operation of this part in a non-Ancient street driven Vehicle, including driving Competition or Racing Vehicles to the racetrack, is likely to be considered illegal \u00c3\u00c2\u00c3\u00c2\u00c3\u00c2\u00c3\u00c2\u00c3\u00c2\u00c3\u00c2\u00c3\u00c2\u00c3\u00c2Tampering \u00c3\u00c2\u00c3\u00c2\u00c3\u00c2\u00c3\u00c2\u00c3\u00c2\u00c3\u00c2\u00c3\u00c2\u00c3\u00c2 or a \u00c3\u00c2\u00c3\u00c2\u00c3\u00c2\u00c3\u00c2\u00c3\u00c2\u00c3\u00c2\u00c3\u00c2\u00c3\u00c2Defeat Device<\/p>\n","protected":false},"featured_media":57297,"comment_status":"open","ping_status":"open","template":"","meta":[],"product_cat":[34828,35061,35062],"product_tag":[34831,35073,37551],"vehicles":[],"misspellings":[],"woo-feed-brand":[],"class_list":{"0":"post-57296","1":"product","2":"type-product","3":"status-publish","4":"has-post-thumbnail","6":"product_cat-exhaust","7":"product_cat-headers","8":"product_cat-manifolds-and-components","9":"product_tag-exhaust","10":"product_tag-headers","11":"product_tag-manifolds-and-components","12":"product_shipping_class-fast-shipping","13":"pa_brand-beyea-custom-headers","14":"pa_condition-new","15":"pa_type-2-headers","17":"first","18":"instock","19":"sale","20":"taxable","21":"shipping-taxable","22":"purchasable","23":"product-type-simple"},"yoast_head":"<!-- This site is optimized with the Yoast SEO Premium plugin v23.9 (Yoast SEO v27.4) - https:\/\/yoast.com\/product\/yoast-seo-premium-wordpress\/ -->\n<title>BEYEA CUSTOM HEADERS SBC Modified Header 1-3\/4 to 1-7\/8 Shaw IDM-23S2-B<\/title>\n<meta name=\"description\" content=\"BEYEA CUSTOM HEADERS SBC Modified Header 1-3\/4 to 1-7\/8 Shaw IDM-23S2-B - Wheel Front Aftermarket Shop . Buy Auto Parts on Wheel Front Shop. Quality parts. Perfect fit. Fast delivery.\" \/>\n<meta name=\"robots\" content=\"index, follow, max-snippet:-1, max-image-preview:large, max-video-preview:-1\" \/>\n<link rel=\"canonical\" href=\"https:\/\/wheelfront.com\/shop\/product\/beyea-custom-headers-sbc-modified-header-1-3-4-to-1-7-8-shaw-idm-23s2-b\/\" \/>\n<meta property=\"og:locale\" content=\"en_US\" \/>\n<meta property=\"og:type\" content=\"article\" \/>\n<meta property=\"og:title\" content=\"BEYEA CUSTOM HEADERS SBC Modified Header 1-3\/4 to 1-7\/8 Shaw IDM-23S2-B\" \/>\n<meta property=\"og:description\" content=\"BEYEA CUSTOM HEADERS SBC Modified Header 1-3\/4 to 1-7\/8 Shaw IDM-23S2-B - Wheel Front Aftermarket Shop . Buy Auto Parts on Wheel Front Shop. Quality parts. Perfect fit. Fast delivery.\" \/>\n<meta property=\"og:url\" content=\"https:\/\/wheelfront.com\/shop\/product\/beyea-custom-headers-sbc-modified-header-1-3-4-to-1-7-8-shaw-idm-23s2-b\/\" \/>\n<meta property=\"og:site_name\" content=\"Wheel Front Aftermarket Shop\" \/>\n<meta property=\"article:publisher\" content=\"https:\/\/www.facebook.com\/wheelfront\/\" \/>\n<meta property=\"article:modified_time\" content=\"2026-04-07T19:57:37+00:00\" \/>\n<meta property=\"og:image\" content=\"https:\/\/wheelfront.com\/shop\/wp-content\/uploads\/BEYIDM-23S2-B.jpg\" \/>\n\t<meta property=\"og:image:width\" content=\"1350\" \/>\n\t<meta property=\"og:image:height\" content=\"900\" \/>\n\t<meta property=\"og:image:type\" content=\"image\/jpeg\" \/>\n<meta name=\"twitter:card\" content=\"summary_large_image\" \/>\n<meta name=\"twitter:label1\" content=\"Price\" \/>\n\t<meta name=\"twitter:data1\" content=\"&#036;458.93\" \/>\n\t<meta name=\"twitter:label2\" content=\"Availability\" \/>\n\t<meta name=\"twitter:data2\" content=\"In stock\" \/>\n<script type=\"application\/ld+json\" class=\"yoast-schema-graph\">{\"@context\":\"https:\\\/\\\/schema.org\",\"@graph\":[{\"@type\":\"WebPage\",\"@id\":\"https:\\\/\\\/wheelfront.com\\\/shop\\\/product\\\/beyea-custom-headers-sbc-modified-header-1-3-4-to-1-7-8-shaw-idm-23s2-b\\\/\",\"url\":\"https:\\\/\\\/wheelfront.com\\\/shop\\\/product\\\/beyea-custom-headers-sbc-modified-header-1-3-4-to-1-7-8-shaw-idm-23s2-b\\\/\",\"name\":\"BEYEA CUSTOM HEADERS SBC Modified Header 1-3\\\/4 to 1-7\\\/8 Shaw IDM-23S2-B\",\"isPartOf\":{\"@id\":\"https:\\\/\\\/wheelfront.com\\\/shop\\\/#website\"},\"primaryImageOfPage\":{\"@id\":\"https:\\\/\\\/wheelfront.com\\\/shop\\\/product\\\/beyea-custom-headers-sbc-modified-header-1-3-4-to-1-7-8-shaw-idm-23s2-b\\\/#primaryimage\"},\"image\":{\"@id\":\"https:\\\/\\\/wheelfront.com\\\/shop\\\/product\\\/beyea-custom-headers-sbc-modified-header-1-3-4-to-1-7-8-shaw-idm-23s2-b\\\/#primaryimage\"},\"thumbnailUrl\":\"https:\\\/\\\/wheelfront.com\\\/shop\\\/wp-content\\\/uploads\\\/BEYIDM-23S2-B.jpg\",\"datePublished\":\"2025-02-05T01:15:27+00:00\",\"dateModified\":\"2026-04-07T19:57:37+00:00\",\"description\":\"BEYEA CUSTOM HEADERS SBC Modified Header 1-3\\\/4 to 1-7\\\/8 Shaw IDM-23S2-B - Wheel Front Aftermarket Shop . Buy Auto Parts on Wheel Front Shop. Quality parts. Perfect fit. Fast delivery.\",\"breadcrumb\":{\"@id\":\"https:\\\/\\\/wheelfront.com\\\/shop\\\/product\\\/beyea-custom-headers-sbc-modified-header-1-3-4-to-1-7-8-shaw-idm-23s2-b\\\/#breadcrumb\"},\"inLanguage\":\"en-US\",\"potentialAction\":[{\"@type\":\"ReadAction\",\"target\":[\"https:\\\/\\\/wheelfront.com\\\/shop\\\/product\\\/beyea-custom-headers-sbc-modified-header-1-3-4-to-1-7-8-shaw-idm-23s2-b\\\/\"]}]},{\"@type\":\"ImageObject\",\"inLanguage\":\"en-US\",\"@id\":\"https:\\\/\\\/wheelfront.com\\\/shop\\\/product\\\/beyea-custom-headers-sbc-modified-header-1-3-4-to-1-7-8-shaw-idm-23s2-b\\\/#primaryimage\",\"url\":\"https:\\\/\\\/wheelfront.com\\\/shop\\\/wp-content\\\/uploads\\\/BEYIDM-23S2-B.jpg\",\"contentUrl\":\"https:\\\/\\\/wheelfront.com\\\/shop\\\/wp-content\\\/uploads\\\/BEYIDM-23S2-B.jpg\",\"width\":1350,\"height\":900,\"caption\":\"BEYEA CUSTOM HEADERS SBC Modified Header 1-3\\\/4 to 1-7\\\/8 Shaw IDM-23S2-B\"},{\"@type\":\"BreadcrumbList\",\"@id\":\"https:\\\/\\\/wheelfront.com\\\/shop\\\/product\\\/beyea-custom-headers-sbc-modified-header-1-3-4-to-1-7-8-shaw-idm-23s2-b\\\/#breadcrumb\",\"itemListElement\":[{\"@type\":\"ListItem\",\"position\":1,\"name\":\"Home\",\"item\":\"https:\\\/\\\/wheelfront.com\\\/shop\\\/\"},{\"@type\":\"ListItem\",\"position\":2,\"name\":\"Shop\",\"item\":\"https:\\\/\\\/wheelfront.com\\\/shop\\\/shop-all\\\/\"},{\"@type\":\"ListItem\",\"position\":3,\"name\":\"BEYEA CUSTOM HEADERS SBC Modified Header 1-3\\\/4 to 1-7\\\/8 Shaw IDM-23S2-B\"}]},{\"@type\":\"WebSite\",\"@id\":\"https:\\\/\\\/wheelfront.com\\\/shop\\\/#website\",\"url\":\"https:\\\/\\\/wheelfront.com\\\/shop\\\/\",\"name\":\"Wheel Front Aftermarket Shop\",\"description\":\"Auto Parts, Car Wheels and Accessories\",\"publisher\":{\"@id\":\"https:\\\/\\\/wheelfront.com\\\/shop\\\/#organization\"},\"alternateName\":\"Wheel Front Shop\",\"potentialAction\":[{\"@type\":\"SearchAction\",\"target\":{\"@type\":\"EntryPoint\",\"urlTemplate\":\"https:\\\/\\\/wheelfront.com\\\/shop\\\/?s={search_term_string}\"},\"query-input\":{\"@type\":\"PropertyValueSpecification\",\"valueRequired\":true,\"valueName\":\"search_term_string\"}}],\"inLanguage\":\"en-US\"},{\"@type\":[\"Organization\",\"Place\",\"AutomotiveBusiness\"],\"@id\":\"https:\\\/\\\/wheelfront.com\\\/shop\\\/#organization\",\"name\":\"Wheel Front Ltd. Liability Company\",\"alternateName\":\"Wheel Front\",\"url\":\"https:\\\/\\\/wheelfront.com\\\/shop\\\/\",\"logo\":{\"@id\":\"https:\\\/\\\/wheelfront.com\\\/shop\\\/product\\\/beyea-custom-headers-sbc-modified-header-1-3-4-to-1-7-8-shaw-idm-23s2-b\\\/#local-main-organization-logo\"},\"image\":{\"@id\":\"https:\\\/\\\/wheelfront.com\\\/shop\\\/product\\\/beyea-custom-headers-sbc-modified-header-1-3-4-to-1-7-8-shaw-idm-23s2-b\\\/#local-main-organization-logo\"},\"sameAs\":[\"https:\\\/\\\/www.facebook.com\\\/wheelfront\\\/\",\"https:\\\/\\\/instagram.com\\\/wheel_front\\\/\",\"https:\\\/\\\/www.youtube.com\\\/channel\\\/UCl-Wgoq8L-YovGmjMLGKwgg\\\/videos\",\"https:\\\/\\\/www.pinterest.com\\\/wheelfront\\\/\"],\"description\":\"Wheel Front was established in 2018, fully concentrate on Aftermarket Wheels industry, Auto Parts and Automotive industry.\",\"legalName\":\"Wheel Front Ltd. Liability Company\",\"foundingDate\":\"2024-12-02\",\"numberOfEmployees\":{\"@type\":\"QuantitativeValue\",\"minValue\":\"1\",\"maxValue\":\"10\"},\"publishingPrinciples\":\"https:\\\/\\\/wheelfront.com\\\/shop\\\/terms-of-service\\\/\",\"ownershipFundingInfo\":\"https:\\\/\\\/wheelfront.com\\\/shop\\\/about-us\\\/\",\"actionableFeedbackPolicy\":\"https:\\\/\\\/wheelfront.com\\\/shop\\\/terms-of-service\\\/\",\"ethicsPolicy\":\"https:\\\/\\\/wheelfront.com\\\/shop\\\/terms-of-service\\\/\",\"address\":{\"@id\":\"https:\\\/\\\/wheelfront.com\\\/shop\\\/product\\\/beyea-custom-headers-sbc-modified-header-1-3-4-to-1-7-8-shaw-idm-23s2-b\\\/#local-main-place-address\"},\"geo\":{\"@type\":\"GeoCoordinates\",\"latitude\":\"44.7977766\",\"longitude\":\"-106.9549483\"},\"telephone\":[\"+1 (307) 333-9930\"],\"contactPoint\":{\"@type\":\"ContactPoint\",\"email\":\"info@wheelfront.com\"},\"openingHoursSpecification\":{\"@type\":\"OpeningHoursSpecification\",\"dayOfWeek\":[\"Monday\",\"Tuesday\",\"Wednesday\",\"Thursday\",\"Friday\",\"Saturday\",\"Sunday\"],\"opens\":\"00:00\",\"closes\":\"23:59\"},\"email\":\"info@wheelfront.com\",\"taxID\":\"981829216\",\"priceRange\":\"$\",\"paymentAccepted\":\"Credit\\\/Debit Cards, ACH Payment, Amazon Pay, Direct bank transfer\"},{\"@type\":\"PostalAddress\",\"@id\":\"https:\\\/\\\/wheelfront.com\\\/shop\\\/product\\\/beyea-custom-headers-sbc-modified-header-1-3-4-to-1-7-8-shaw-idm-23s2-b\\\/#local-main-place-address\",\"streetAddress\":\"30 N Gould St #40137\",\"addressLocality\":\"Sheridan\",\"postalCode\":\"82801\",\"addressRegion\":\"Wyoming\",\"addressCountry\":\"US\"},{\"@type\":\"ImageObject\",\"inLanguage\":\"en-US\",\"@id\":\"https:\\\/\\\/wheelfront.com\\\/shop\\\/product\\\/beyea-custom-headers-sbc-modified-header-1-3-4-to-1-7-8-shaw-idm-23s2-b\\\/#local-main-organization-logo\",\"url\":\"https:\\\/\\\/wheelfront.com\\\/shop\\\/wp-content\\\/uploads\\\/Untitled-design-13.png\",\"contentUrl\":\"https:\\\/\\\/wheelfront.com\\\/shop\\\/wp-content\\\/uploads\\\/Untitled-design-13.png\",\"width\":500,\"height\":500,\"caption\":\"Wheel Front Ltd. Liability Company\"}]}<\/script>\n<meta property=\"product:brand\" content=\"BEYEA CUSTOM HEADERS\" \/>\n<meta property=\"product:price:amount\" content=\"458.93\" \/>\n<meta property=\"product:price:currency\" content=\"USD\" \/>\n<meta property=\"og:availability\" content=\"instock\" \/>\n<meta property=\"product:availability\" content=\"instock\" \/>\n<meta property=\"product:retailer_item_id\" content=\"BEYIDM-23S2-B\" \/>\n<meta property=\"product:condition\" content=\"new\" \/>\n<meta name=\"geo.placename\" content=\"Sheridan\" \/>\n<meta name=\"geo.position\" content=\"44.7977766;-106.9549483\" \/>\n<meta name=\"geo.region\" content=\"United States (US)\" \/>\n<!-- \/ Yoast SEO Premium plugin. -->","yoast_head_json":{"title":"BEYEA CUSTOM HEADERS SBC Modified Header 1-3\/4 to 1-7\/8 Shaw IDM-23S2-B","description":"BEYEA CUSTOM HEADERS SBC Modified Header 1-3\/4 to 1-7\/8 Shaw IDM-23S2-B - Wheel Front Aftermarket Shop . Buy Auto Parts on Wheel Front Shop. Quality parts. Perfect fit. Fast delivery.","robots":{"index":"index","follow":"follow","max-snippet":"max-snippet:-1","max-image-preview":"max-image-preview:large","max-video-preview":"max-video-preview:-1"},"canonical":"https:\/\/wheelfront.com\/shop\/product\/beyea-custom-headers-sbc-modified-header-1-3-4-to-1-7-8-shaw-idm-23s2-b\/","og_locale":"en_US","og_type":"article","og_title":"BEYEA CUSTOM HEADERS SBC Modified Header 1-3\/4 to 1-7\/8 Shaw IDM-23S2-B","og_description":"BEYEA CUSTOM HEADERS SBC Modified Header 1-3\/4 to 1-7\/8 Shaw IDM-23S2-B - Wheel Front Aftermarket Shop . Buy Auto Parts on Wheel Front Shop. Quality parts. Perfect fit. Fast delivery.","og_url":"https:\/\/wheelfront.com\/shop\/product\/beyea-custom-headers-sbc-modified-header-1-3-4-to-1-7-8-shaw-idm-23s2-b\/","og_site_name":"Wheel Front Aftermarket Shop","article_publisher":"https:\/\/www.facebook.com\/wheelfront\/","article_modified_time":"2026-04-07T19:57:37+00:00","og_image":[{"width":1350,"height":900,"url":"https:\/\/wheelfront.com\/shop\/wp-content\/uploads\/BEYIDM-23S2-B.jpg","type":"image\/jpeg"}],"twitter_card":"summary_large_image","twitter_misc":{"Price":"&#36;458.93","Availability":"In stock"},"schema":{"@context":"https:\/\/schema.org","@graph":[{"@type":"WebPage","@id":"https:\/\/wheelfront.com\/shop\/product\/beyea-custom-headers-sbc-modified-header-1-3-4-to-1-7-8-shaw-idm-23s2-b\/","url":"https:\/\/wheelfront.com\/shop\/product\/beyea-custom-headers-sbc-modified-header-1-3-4-to-1-7-8-shaw-idm-23s2-b\/","name":"BEYEA CUSTOM HEADERS SBC Modified Header 1-3\/4 to 1-7\/8 Shaw IDM-23S2-B","isPartOf":{"@id":"https:\/\/wheelfront.com\/shop\/#website"},"primaryImageOfPage":{"@id":"https:\/\/wheelfront.com\/shop\/product\/beyea-custom-headers-sbc-modified-header-1-3-4-to-1-7-8-shaw-idm-23s2-b\/#primaryimage"},"image":{"@id":"https:\/\/wheelfront.com\/shop\/product\/beyea-custom-headers-sbc-modified-header-1-3-4-to-1-7-8-shaw-idm-23s2-b\/#primaryimage"},"thumbnailUrl":"https:\/\/wheelfront.com\/shop\/wp-content\/uploads\/BEYIDM-23S2-B.jpg","datePublished":"2025-02-05T01:15:27+00:00","dateModified":"2026-04-07T19:57:37+00:00","description":"BEYEA CUSTOM HEADERS SBC Modified Header 1-3\/4 to 1-7\/8 Shaw IDM-23S2-B - Wheel Front Aftermarket Shop . Buy Auto Parts on Wheel Front Shop. Quality parts. Perfect fit. Fast delivery.","breadcrumb":{"@id":"https:\/\/wheelfront.com\/shop\/product\/beyea-custom-headers-sbc-modified-header-1-3-4-to-1-7-8-shaw-idm-23s2-b\/#breadcrumb"},"inLanguage":"en-US","potentialAction":[{"@type":"ReadAction","target":["https:\/\/wheelfront.com\/shop\/product\/beyea-custom-headers-sbc-modified-header-1-3-4-to-1-7-8-shaw-idm-23s2-b\/"]}]},{"@type":"ImageObject","inLanguage":"en-US","@id":"https:\/\/wheelfront.com\/shop\/product\/beyea-custom-headers-sbc-modified-header-1-3-4-to-1-7-8-shaw-idm-23s2-b\/#primaryimage","url":"https:\/\/wheelfront.com\/shop\/wp-content\/uploads\/BEYIDM-23S2-B.jpg","contentUrl":"https:\/\/wheelfront.com\/shop\/wp-content\/uploads\/BEYIDM-23S2-B.jpg","width":1350,"height":900,"caption":"BEYEA CUSTOM HEADERS SBC Modified Header 1-3\/4 to 1-7\/8 Shaw IDM-23S2-B"},{"@type":"BreadcrumbList","@id":"https:\/\/wheelfront.com\/shop\/product\/beyea-custom-headers-sbc-modified-header-1-3-4-to-1-7-8-shaw-idm-23s2-b\/#breadcrumb","itemListElement":[{"@type":"ListItem","position":1,"name":"Home","item":"https:\/\/wheelfront.com\/shop\/"},{"@type":"ListItem","position":2,"name":"Shop","item":"https:\/\/wheelfront.com\/shop\/shop-all\/"},{"@type":"ListItem","position":3,"name":"BEYEA CUSTOM HEADERS SBC Modified Header 1-3\/4 to 1-7\/8 Shaw IDM-23S2-B"}]},{"@type":"WebSite","@id":"https:\/\/wheelfront.com\/shop\/#website","url":"https:\/\/wheelfront.com\/shop\/","name":"Wheel Front Aftermarket Shop","description":"Auto Parts, Car Wheels and Accessories","publisher":{"@id":"https:\/\/wheelfront.com\/shop\/#organization"},"alternateName":"Wheel Front Shop","potentialAction":[{"@type":"SearchAction","target":{"@type":"EntryPoint","urlTemplate":"https:\/\/wheelfront.com\/shop\/?s={search_term_string}"},"query-input":{"@type":"PropertyValueSpecification","valueRequired":true,"valueName":"search_term_string"}}],"inLanguage":"en-US"},{"@type":["Organization","Place","AutomotiveBusiness"],"@id":"https:\/\/wheelfront.com\/shop\/#organization","name":"Wheel Front Ltd. Liability Company","alternateName":"Wheel Front","url":"https:\/\/wheelfront.com\/shop\/","logo":{"@id":"https:\/\/wheelfront.com\/shop\/product\/beyea-custom-headers-sbc-modified-header-1-3-4-to-1-7-8-shaw-idm-23s2-b\/#local-main-organization-logo"},"image":{"@id":"https:\/\/wheelfront.com\/shop\/product\/beyea-custom-headers-sbc-modified-header-1-3-4-to-1-7-8-shaw-idm-23s2-b\/#local-main-organization-logo"},"sameAs":["https:\/\/www.facebook.com\/wheelfront\/","https:\/\/instagram.com\/wheel_front\/","https:\/\/www.youtube.com\/channel\/UCl-Wgoq8L-YovGmjMLGKwgg\/videos","https:\/\/www.pinterest.com\/wheelfront\/"],"description":"Wheel Front was established in 2018, fully concentrate on Aftermarket Wheels industry, Auto Parts and Automotive industry.","legalName":"Wheel Front Ltd. Liability Company","foundingDate":"2024-12-02","numberOfEmployees":{"@type":"QuantitativeValue","minValue":"1","maxValue":"10"},"publishingPrinciples":"https:\/\/wheelfront.com\/shop\/terms-of-service\/","ownershipFundingInfo":"https:\/\/wheelfront.com\/shop\/about-us\/","actionableFeedbackPolicy":"https:\/\/wheelfront.com\/shop\/terms-of-service\/","ethicsPolicy":"https:\/\/wheelfront.com\/shop\/terms-of-service\/","address":{"@id":"https:\/\/wheelfront.com\/shop\/product\/beyea-custom-headers-sbc-modified-header-1-3-4-to-1-7-8-shaw-idm-23s2-b\/#local-main-place-address"},"geo":{"@type":"GeoCoordinates","latitude":"44.7977766","longitude":"-106.9549483"},"telephone":["+1 (307) 333-9930"],"contactPoint":{"@type":"ContactPoint","email":"info@wheelfront.com"},"openingHoursSpecification":{"@type":"OpeningHoursSpecification","dayOfWeek":["Monday","Tuesday","Wednesday","Thursday","Friday","Saturday","Sunday"],"opens":"00:00","closes":"23:59"},"email":"info@wheelfront.com","taxID":"981829216","priceRange":"$","paymentAccepted":"Credit\/Debit Cards, ACH Payment, Amazon Pay, Direct bank transfer"},{"@type":"PostalAddress","@id":"https:\/\/wheelfront.com\/shop\/product\/beyea-custom-headers-sbc-modified-header-1-3-4-to-1-7-8-shaw-idm-23s2-b\/#local-main-place-address","streetAddress":"30 N Gould St #40137","addressLocality":"Sheridan","postalCode":"82801","addressRegion":"Wyoming","addressCountry":"US"},{"@type":"ImageObject","inLanguage":"en-US","@id":"https:\/\/wheelfront.com\/shop\/product\/beyea-custom-headers-sbc-modified-header-1-3-4-to-1-7-8-shaw-idm-23s2-b\/#local-main-organization-logo","url":"https:\/\/wheelfront.com\/shop\/wp-content\/uploads\/Untitled-design-13.png","contentUrl":"https:\/\/wheelfront.com\/shop\/wp-content\/uploads\/Untitled-design-13.png","width":500,"height":500,"caption":"Wheel Front Ltd. Liability Company"}]},"product_brand":"BEYEA CUSTOM HEADERS","product_price_amount":"458.93","product_price_currency":"USD","og_availability":"instock","product_availability":"instock","product_retailer_item_id":"BEYIDM-23S2-B","product_condition":"new","geo.placename":"Sheridan","geo.position":{"lat":"44.7977766","long":"-106.9549483"},"geo.region":"United States (US)"},"_links":{"self":[{"href":"https:\/\/wheelfront.com\/shop\/wp-json\/wp\/v2\/product\/57296","targetHints":{"allow":["GET"]}}],"collection":[{"href":"https:\/\/wheelfront.com\/shop\/wp-json\/wp\/v2\/product"}],"about":[{"href":"https:\/\/wheelfront.com\/shop\/wp-json\/wp\/v2\/types\/product"}],"replies":[{"embeddable":true,"href":"https:\/\/wheelfront.com\/shop\/wp-json\/wp\/v2\/comments?post=57296"}],"wp:featuredmedia":[{"embeddable":true,"href":"https:\/\/wheelfront.com\/shop\/wp-json\/wp\/v2\/media\/57297"}],"wp:attachment":[{"href":"https:\/\/wheelfront.com\/shop\/wp-json\/wp\/v2\/media?parent=57296"}],"wp:term":[{"taxonomy":"product_cat","embeddable":true,"href":"https:\/\/wheelfront.com\/shop\/wp-json\/wp\/v2\/product_cat?post=57296"},{"taxonomy":"product_tag","embeddable":true,"href":"https:\/\/wheelfront.com\/shop\/wp-json\/wp\/v2\/product_tag?post=57296"},{"taxonomy":"vehicles","embeddable":true,"href":"https:\/\/wheelfront.com\/shop\/wp-json\/wp\/v2\/vehicles?post=57296"},{"taxonomy":"misspellings","embeddable":true,"href":"https:\/\/wheelfront.com\/shop\/wp-json\/wp\/v2\/misspellings?post=57296"},{"taxonomy":"woo-feed-brand","embeddable":true,"href":"https:\/\/wheelfront.com\/shop\/wp-json\/wp\/v2\/woo-feed-brand?post=57296"}],"curies":[{"name":"wp","href":"https:\/\/api.w.org\/{rel}","templated":true}]}}