{"id":55278,"date":"2025-02-05T00:49:20","date_gmt":"2025-02-05T00:49:20","guid":{"rendered":"https:\/\/wheelfront.com\/shop\/product\/bbk-performance-1-7-8in-long-tube-header-titanium-16-17-camaro-4044\/"},"modified":"2026-03-11T18:49:24","modified_gmt":"2026-03-11T18:49:24","slug":"bbk-performance-1-7-8in-long-tube-header-titanium-16-17-camaro-4044","status":"publish","type":"product","link":"https:\/\/wheelfront.com\/shop\/product\/bbk-performance-1-7-8in-long-tube-header-titanium-16-17-camaro-4044\/","title":{"rendered":"BBK PERFORMANCE 1-7\/8in Long Tube Header Titanium 16-17 Camaro 4044"},"content":{"rendered":"<p>Headers &#8211; Long Tube &#8211; 1.875 in Primary &#8211; Stock Collector Flange &#8211; Gaskets \/ Hardware Included &#8211; Steel &#8211; Titanium Ceramic &#8211; GM LS-Series &#8211; SS &#8211; Chevy Camaro 2016-24 &#8211; Pair<br \/>\nThis part is designed and intended for installation in Ancient (Model Year 1974 or earlier), or Competition, or Racing Vehicles. Competition or Racing Vehicles may be operated exclusively in 1) events organized by recognized bodies with authorizing permits for participating drivers. 2) racing event qualification, and 3) practice associated with events. Installation and operation of this part in a non-Ancient street driven Vehicle, including driving Competition or Racing Vehicles to the racetrack, is likely to be considered illegal \u00c3\u00c2\u00c3\u00c2\u00c3\u00c2\u00c3\u00c2\u00c3\u00c2\u00c3\u00c2\u00c3\u00c2\u00c3\u00c2Tampering \u00c3\u00c2\u00c3\u00c2\u00c3\u00c2\u00c3\u00c2\u00c3\u00c2\u00c3\u00c2\u00c3\u00c2\u00c3\u00c2 or a \u00c3\u00c2\u00c3\u00c2\u00c3\u00c2\u00c3\u00c2\u00c3\u00c2\u00c3\u00c2\u00c3\u00c2\u00c3\u00c2Defeat Device<br \/>\n<div id=\"footable_parent_19511\"\n         class=\" footable_parent ninja_table_wrapper loading_ninja_table wp_table_data_press_parent semantic_ui \">\n                    <h3 class=\"table_title footable_title\">Why Choose Us?<\/h3>\n                        <table data-ninja_table_instance=\"ninja_table_instance_0\" data-footable_id=\"19511\" data-filter-delay=\"1000\" aria-label=\"Why Choose Us?\"            id=\"footable_19511\"\n           data-unique_identifier=\"ninja_table_unique_id_133737502_19511\"\n           class=\" foo-table ninja_footable foo_table_19511 ninja_table_unique_id_133737502_19511 ui table  nt_type_ajax_table celled hide_horizonal_borders striped vertical_centered  footable-paging-center ninja_table_search_disabled\">\n                <colgroup>\n                            <col class=\"ninja_column_0 \">\n                            <col class=\"ninja_column_1 \">\n                            <col class=\"ninja_column_2 \">\n                    <\/colgroup>\n            <\/table>\n    \n    \n    \n<\/div>\n<\/p>\n","protected":false},"excerpt":{"rendered":"<p>Headers &#8211; Long Tube &#8211; 1.875 in Primary &#8211; Stock Collector Flange &#8211; Gaskets \/ Hardware Included &#8211; Steel &#8211; Titanium Ceramic &#8211; GM LS-Series &#8211; SS &#8211; Chevy Camaro 2016-24 &#8211; Pair<br \/>\nThis part is designed and intended for installation in Ancient (Model Year 1974 or earlier), or Competition, or Racing Vehicles. Competition or Racing Vehicles may be operated exclusively in 1) events organized by recognized bodies with authorizing permits for participating drivers. 2) racing event qualification, and 3) practice associated with events. Installation and operation of this part in a non-Ancient street driven Vehicle, including driving Competition or Racing Vehicles to the racetrack, is likely to be considered illegal \u00c3\u00c2\u00c3\u00c2\u00c3\u00c2\u00c3\u00c2\u00c3\u00c2\u00c3\u00c2\u00c3\u00c2\u00c3\u00c2Tampering \u00c3\u00c2\u00c3\u00c2\u00c3\u00c2\u00c3\u00c2\u00c3\u00c2\u00c3\u00c2\u00c3\u00c2\u00c3\u00c2 or a \u00c3\u00c2\u00c3\u00c2\u00c3\u00c2\u00c3\u00c2\u00c3\u00c2\u00c3\u00c2\u00c3\u00c2\u00c3\u00c2Defeat Device<\/p>\n","protected":false},"featured_media":55279,"comment_status":"open","ping_status":"open","template":"","meta":[],"product_cat":[34828,35061,35062],"product_tag":[34831,35073,37551],"vehicles":[],"misspellings":[],"woo-feed-brand":[],"class_list":{"0":"post-55278","1":"product","2":"type-product","3":"status-publish","4":"has-post-thumbnail","6":"product_cat-exhaust","7":"product_cat-headers","8":"product_cat-manifolds-and-components","9":"product_tag-exhaust","10":"product_tag-headers","11":"product_tag-manifolds-and-components","12":"product_shipping_class-fast-shipping","13":"pa_brand-bbk-performance","14":"pa_condition-new","15":"pa_type-2-headers","17":"first","18":"instock","19":"sale","20":"taxable","21":"shipping-taxable","22":"purchasable","23":"product-type-simple"},"yoast_head":"<!-- This site is optimized with the Yoast SEO Premium plugin v23.9 (Yoast SEO v27.4) - https:\/\/yoast.com\/product\/yoast-seo-premium-wordpress\/ -->\n<title>BBK PERFORMANCE 1-7\/8in Long Tube Header Titanium 16-17 Camaro 4044<\/title>\n<meta name=\"description\" content=\"BBK PERFORMANCE 1-7\/8in Long Tube Header Titanium 16-17 Camaro 4044 - Wheel Front Aftermarket Shop . Buy Auto Parts on Wheel Front Shop. Quality parts. Perfect fit. Fast delivery.\" \/>\n<meta name=\"robots\" content=\"index, follow, max-snippet:-1, max-image-preview:large, max-video-preview:-1\" \/>\n<link rel=\"canonical\" href=\"https:\/\/wheelfront.com\/shop\/product\/bbk-performance-1-7-8in-long-tube-header-titanium-16-17-camaro-4044\/\" \/>\n<meta property=\"og:locale\" content=\"en_US\" \/>\n<meta property=\"og:type\" content=\"article\" \/>\n<meta property=\"og:title\" content=\"BBK PERFORMANCE 1-7\/8in Long Tube Header Titanium 16-17 Camaro 4044\" \/>\n<meta property=\"og:description\" content=\"BBK PERFORMANCE 1-7\/8in Long Tube Header Titanium 16-17 Camaro 4044 - Wheel Front Aftermarket Shop . Buy Auto Parts on Wheel Front Shop. Quality parts. Perfect fit. Fast delivery.\" \/>\n<meta property=\"og:url\" content=\"https:\/\/wheelfront.com\/shop\/product\/bbk-performance-1-7-8in-long-tube-header-titanium-16-17-camaro-4044\/\" \/>\n<meta property=\"og:site_name\" content=\"Wheel Front Aftermarket Shop\" \/>\n<meta property=\"article:publisher\" content=\"https:\/\/www.facebook.com\/wheelfront\/\" \/>\n<meta property=\"article:modified_time\" content=\"2026-03-11T18:49:24+00:00\" \/>\n<meta property=\"og:image\" content=\"https:\/\/wheelfront.com\/shop\/wp-content\/uploads\/BBK4044.jpg\" \/>\n\t<meta property=\"og:image:width\" content=\"1500\" \/>\n\t<meta property=\"og:image:height\" content=\"1500\" \/>\n\t<meta property=\"og:image:type\" content=\"image\/jpeg\" \/>\n<meta name=\"twitter:card\" content=\"summary_large_image\" \/>\n<meta name=\"twitter:label1\" content=\"Price\" \/>\n\t<meta name=\"twitter:data1\" content=\"&#036;799.99\" \/>\n\t<meta name=\"twitter:label2\" content=\"Availability\" \/>\n\t<meta name=\"twitter:data2\" content=\"In stock\" \/>\n<script type=\"application\/ld+json\" class=\"yoast-schema-graph\">{\"@context\":\"https:\\\/\\\/schema.org\",\"@graph\":[{\"@type\":\"WebPage\",\"@id\":\"https:\\\/\\\/wheelfront.com\\\/shop\\\/product\\\/bbk-performance-1-7-8in-long-tube-header-titanium-16-17-camaro-4044\\\/\",\"url\":\"https:\\\/\\\/wheelfront.com\\\/shop\\\/product\\\/bbk-performance-1-7-8in-long-tube-header-titanium-16-17-camaro-4044\\\/\",\"name\":\"BBK PERFORMANCE 1-7\\\/8in Long Tube Header Titanium 16-17 Camaro 4044\",\"isPartOf\":{\"@id\":\"https:\\\/\\\/wheelfront.com\\\/shop\\\/#website\"},\"primaryImageOfPage\":{\"@id\":\"https:\\\/\\\/wheelfront.com\\\/shop\\\/product\\\/bbk-performance-1-7-8in-long-tube-header-titanium-16-17-camaro-4044\\\/#primaryimage\"},\"image\":{\"@id\":\"https:\\\/\\\/wheelfront.com\\\/shop\\\/product\\\/bbk-performance-1-7-8in-long-tube-header-titanium-16-17-camaro-4044\\\/#primaryimage\"},\"thumbnailUrl\":\"https:\\\/\\\/wheelfront.com\\\/shop\\\/wp-content\\\/uploads\\\/BBK4044.jpg\",\"datePublished\":\"2025-02-05T00:49:20+00:00\",\"dateModified\":\"2026-03-11T18:49:24+00:00\",\"description\":\"BBK PERFORMANCE 1-7\\\/8in Long Tube Header Titanium 16-17 Camaro 4044 - Wheel Front Aftermarket Shop . Buy Auto Parts on Wheel Front Shop. Quality parts. Perfect fit. Fast delivery.\",\"breadcrumb\":{\"@id\":\"https:\\\/\\\/wheelfront.com\\\/shop\\\/product\\\/bbk-performance-1-7-8in-long-tube-header-titanium-16-17-camaro-4044\\\/#breadcrumb\"},\"inLanguage\":\"en-US\",\"potentialAction\":[{\"@type\":\"ReadAction\",\"target\":[\"https:\\\/\\\/wheelfront.com\\\/shop\\\/product\\\/bbk-performance-1-7-8in-long-tube-header-titanium-16-17-camaro-4044\\\/\"]}]},{\"@type\":\"ImageObject\",\"inLanguage\":\"en-US\",\"@id\":\"https:\\\/\\\/wheelfront.com\\\/shop\\\/product\\\/bbk-performance-1-7-8in-long-tube-header-titanium-16-17-camaro-4044\\\/#primaryimage\",\"url\":\"https:\\\/\\\/wheelfront.com\\\/shop\\\/wp-content\\\/uploads\\\/BBK4044.jpg\",\"contentUrl\":\"https:\\\/\\\/wheelfront.com\\\/shop\\\/wp-content\\\/uploads\\\/BBK4044.jpg\",\"width\":1500,\"height\":1500,\"caption\":\"BBK PERFORMANCE 1-7\\\/8in Long Tube Header Titanium 16-17 Camaro 4044\"},{\"@type\":\"BreadcrumbList\",\"@id\":\"https:\\\/\\\/wheelfront.com\\\/shop\\\/product\\\/bbk-performance-1-7-8in-long-tube-header-titanium-16-17-camaro-4044\\\/#breadcrumb\",\"itemListElement\":[{\"@type\":\"ListItem\",\"position\":1,\"name\":\"Home\",\"item\":\"https:\\\/\\\/wheelfront.com\\\/shop\\\/\"},{\"@type\":\"ListItem\",\"position\":2,\"name\":\"Shop\",\"item\":\"https:\\\/\\\/wheelfront.com\\\/shop\\\/shop-all\\\/\"},{\"@type\":\"ListItem\",\"position\":3,\"name\":\"BBK PERFORMANCE 1-7\\\/8in Long Tube Header Titanium 16-17 Camaro 4044\"}]},{\"@type\":\"WebSite\",\"@id\":\"https:\\\/\\\/wheelfront.com\\\/shop\\\/#website\",\"url\":\"https:\\\/\\\/wheelfront.com\\\/shop\\\/\",\"name\":\"Wheel Front Aftermarket Shop\",\"description\":\"Auto Parts, Car Wheels and Accessories\",\"publisher\":{\"@id\":\"https:\\\/\\\/wheelfront.com\\\/shop\\\/#organization\"},\"alternateName\":\"Wheel Front Shop\",\"potentialAction\":[{\"@type\":\"SearchAction\",\"target\":{\"@type\":\"EntryPoint\",\"urlTemplate\":\"https:\\\/\\\/wheelfront.com\\\/shop\\\/?s={search_term_string}\"},\"query-input\":{\"@type\":\"PropertyValueSpecification\",\"valueRequired\":true,\"valueName\":\"search_term_string\"}}],\"inLanguage\":\"en-US\"},{\"@type\":[\"Organization\",\"Place\",\"AutomotiveBusiness\"],\"@id\":\"https:\\\/\\\/wheelfront.com\\\/shop\\\/#organization\",\"name\":\"Wheel Front Ltd. Liability Company\",\"alternateName\":\"Wheel Front\",\"url\":\"https:\\\/\\\/wheelfront.com\\\/shop\\\/\",\"logo\":{\"@id\":\"https:\\\/\\\/wheelfront.com\\\/shop\\\/product\\\/bbk-performance-1-7-8in-long-tube-header-titanium-16-17-camaro-4044\\\/#local-main-organization-logo\"},\"image\":{\"@id\":\"https:\\\/\\\/wheelfront.com\\\/shop\\\/product\\\/bbk-performance-1-7-8in-long-tube-header-titanium-16-17-camaro-4044\\\/#local-main-organization-logo\"},\"sameAs\":[\"https:\\\/\\\/www.facebook.com\\\/wheelfront\\\/\",\"https:\\\/\\\/instagram.com\\\/wheel_front\\\/\",\"https:\\\/\\\/www.youtube.com\\\/channel\\\/UCl-Wgoq8L-YovGmjMLGKwgg\\\/videos\",\"https:\\\/\\\/www.pinterest.com\\\/wheelfront\\\/\"],\"description\":\"Wheel Front was established in 2018, fully concentrate on Aftermarket Wheels industry, Auto Parts and Automotive industry.\",\"legalName\":\"Wheel Front Ltd. Liability Company\",\"foundingDate\":\"2024-12-02\",\"numberOfEmployees\":{\"@type\":\"QuantitativeValue\",\"minValue\":\"1\",\"maxValue\":\"10\"},\"publishingPrinciples\":\"https:\\\/\\\/wheelfront.com\\\/shop\\\/terms-of-service\\\/\",\"ownershipFundingInfo\":\"https:\\\/\\\/wheelfront.com\\\/shop\\\/about-us\\\/\",\"actionableFeedbackPolicy\":\"https:\\\/\\\/wheelfront.com\\\/shop\\\/terms-of-service\\\/\",\"ethicsPolicy\":\"https:\\\/\\\/wheelfront.com\\\/shop\\\/terms-of-service\\\/\",\"address\":{\"@id\":\"https:\\\/\\\/wheelfront.com\\\/shop\\\/product\\\/bbk-performance-1-7-8in-long-tube-header-titanium-16-17-camaro-4044\\\/#local-main-place-address\"},\"geo\":{\"@type\":\"GeoCoordinates\",\"latitude\":\"44.7977766\",\"longitude\":\"-106.9549483\"},\"telephone\":[\"+1 (307) 333-9930\"],\"contactPoint\":{\"@type\":\"ContactPoint\",\"email\":\"info@wheelfront.com\"},\"openingHoursSpecification\":{\"@type\":\"OpeningHoursSpecification\",\"dayOfWeek\":[\"Monday\",\"Tuesday\",\"Wednesday\",\"Thursday\",\"Friday\",\"Saturday\",\"Sunday\"],\"opens\":\"00:00\",\"closes\":\"23:59\"},\"email\":\"info@wheelfront.com\",\"taxID\":\"981829216\",\"priceRange\":\"$\",\"paymentAccepted\":\"Credit\\\/Debit Cards, ACH Payment, Amazon Pay, Direct bank transfer\"},{\"@type\":\"PostalAddress\",\"@id\":\"https:\\\/\\\/wheelfront.com\\\/shop\\\/product\\\/bbk-performance-1-7-8in-long-tube-header-titanium-16-17-camaro-4044\\\/#local-main-place-address\",\"streetAddress\":\"30 N Gould St #40137\",\"addressLocality\":\"Sheridan\",\"postalCode\":\"82801\",\"addressRegion\":\"Wyoming\",\"addressCountry\":\"US\"},{\"@type\":\"ImageObject\",\"inLanguage\":\"en-US\",\"@id\":\"https:\\\/\\\/wheelfront.com\\\/shop\\\/product\\\/bbk-performance-1-7-8in-long-tube-header-titanium-16-17-camaro-4044\\\/#local-main-organization-logo\",\"url\":\"https:\\\/\\\/wheelfront.com\\\/shop\\\/wp-content\\\/uploads\\\/Untitled-design-13.png\",\"contentUrl\":\"https:\\\/\\\/wheelfront.com\\\/shop\\\/wp-content\\\/uploads\\\/Untitled-design-13.png\",\"width\":500,\"height\":500,\"caption\":\"Wheel Front Ltd. Liability Company\"}]}<\/script>\n<meta property=\"product:brand\" content=\"BBK PERFORMANCE\" \/>\n<meta property=\"product:price:amount\" content=\"799.99\" \/>\n<meta property=\"product:price:currency\" content=\"USD\" \/>\n<meta property=\"og:availability\" content=\"instock\" \/>\n<meta property=\"product:availability\" content=\"instock\" \/>\n<meta property=\"product:retailer_item_id\" content=\"BBK4044\" \/>\n<meta property=\"product:condition\" content=\"new\" \/>\n<meta name=\"geo.placename\" content=\"Sheridan\" \/>\n<meta name=\"geo.position\" content=\"44.7977766;-106.9549483\" \/>\n<meta name=\"geo.region\" content=\"United States (US)\" \/>\n<!-- \/ Yoast SEO Premium plugin. -->","yoast_head_json":{"title":"BBK PERFORMANCE 1-7\/8in Long Tube Header Titanium 16-17 Camaro 4044","description":"BBK PERFORMANCE 1-7\/8in Long Tube Header Titanium 16-17 Camaro 4044 - Wheel Front Aftermarket Shop . Buy Auto Parts on Wheel Front Shop. Quality parts. Perfect fit. Fast delivery.","robots":{"index":"index","follow":"follow","max-snippet":"max-snippet:-1","max-image-preview":"max-image-preview:large","max-video-preview":"max-video-preview:-1"},"canonical":"https:\/\/wheelfront.com\/shop\/product\/bbk-performance-1-7-8in-long-tube-header-titanium-16-17-camaro-4044\/","og_locale":"en_US","og_type":"article","og_title":"BBK PERFORMANCE 1-7\/8in Long Tube Header Titanium 16-17 Camaro 4044","og_description":"BBK PERFORMANCE 1-7\/8in Long Tube Header Titanium 16-17 Camaro 4044 - Wheel Front Aftermarket Shop . Buy Auto Parts on Wheel Front Shop. Quality parts. Perfect fit. Fast delivery.","og_url":"https:\/\/wheelfront.com\/shop\/product\/bbk-performance-1-7-8in-long-tube-header-titanium-16-17-camaro-4044\/","og_site_name":"Wheel Front Aftermarket Shop","article_publisher":"https:\/\/www.facebook.com\/wheelfront\/","article_modified_time":"2026-03-11T18:49:24+00:00","og_image":[{"width":1500,"height":1500,"url":"https:\/\/wheelfront.com\/shop\/wp-content\/uploads\/BBK4044.jpg","type":"image\/jpeg"}],"twitter_card":"summary_large_image","twitter_misc":{"Price":"&#36;799.99","Availability":"In stock"},"schema":{"@context":"https:\/\/schema.org","@graph":[{"@type":"WebPage","@id":"https:\/\/wheelfront.com\/shop\/product\/bbk-performance-1-7-8in-long-tube-header-titanium-16-17-camaro-4044\/","url":"https:\/\/wheelfront.com\/shop\/product\/bbk-performance-1-7-8in-long-tube-header-titanium-16-17-camaro-4044\/","name":"BBK PERFORMANCE 1-7\/8in Long Tube Header Titanium 16-17 Camaro 4044","isPartOf":{"@id":"https:\/\/wheelfront.com\/shop\/#website"},"primaryImageOfPage":{"@id":"https:\/\/wheelfront.com\/shop\/product\/bbk-performance-1-7-8in-long-tube-header-titanium-16-17-camaro-4044\/#primaryimage"},"image":{"@id":"https:\/\/wheelfront.com\/shop\/product\/bbk-performance-1-7-8in-long-tube-header-titanium-16-17-camaro-4044\/#primaryimage"},"thumbnailUrl":"https:\/\/wheelfront.com\/shop\/wp-content\/uploads\/BBK4044.jpg","datePublished":"2025-02-05T00:49:20+00:00","dateModified":"2026-03-11T18:49:24+00:00","description":"BBK PERFORMANCE 1-7\/8in Long Tube Header Titanium 16-17 Camaro 4044 - Wheel Front Aftermarket Shop . Buy Auto Parts on Wheel Front Shop. Quality parts. Perfect fit. Fast delivery.","breadcrumb":{"@id":"https:\/\/wheelfront.com\/shop\/product\/bbk-performance-1-7-8in-long-tube-header-titanium-16-17-camaro-4044\/#breadcrumb"},"inLanguage":"en-US","potentialAction":[{"@type":"ReadAction","target":["https:\/\/wheelfront.com\/shop\/product\/bbk-performance-1-7-8in-long-tube-header-titanium-16-17-camaro-4044\/"]}]},{"@type":"ImageObject","inLanguage":"en-US","@id":"https:\/\/wheelfront.com\/shop\/product\/bbk-performance-1-7-8in-long-tube-header-titanium-16-17-camaro-4044\/#primaryimage","url":"https:\/\/wheelfront.com\/shop\/wp-content\/uploads\/BBK4044.jpg","contentUrl":"https:\/\/wheelfront.com\/shop\/wp-content\/uploads\/BBK4044.jpg","width":1500,"height":1500,"caption":"BBK PERFORMANCE 1-7\/8in Long Tube Header Titanium 16-17 Camaro 4044"},{"@type":"BreadcrumbList","@id":"https:\/\/wheelfront.com\/shop\/product\/bbk-performance-1-7-8in-long-tube-header-titanium-16-17-camaro-4044\/#breadcrumb","itemListElement":[{"@type":"ListItem","position":1,"name":"Home","item":"https:\/\/wheelfront.com\/shop\/"},{"@type":"ListItem","position":2,"name":"Shop","item":"https:\/\/wheelfront.com\/shop\/shop-all\/"},{"@type":"ListItem","position":3,"name":"BBK PERFORMANCE 1-7\/8in Long Tube Header Titanium 16-17 Camaro 4044"}]},{"@type":"WebSite","@id":"https:\/\/wheelfront.com\/shop\/#website","url":"https:\/\/wheelfront.com\/shop\/","name":"Wheel Front Aftermarket Shop","description":"Auto Parts, Car Wheels and Accessories","publisher":{"@id":"https:\/\/wheelfront.com\/shop\/#organization"},"alternateName":"Wheel Front Shop","potentialAction":[{"@type":"SearchAction","target":{"@type":"EntryPoint","urlTemplate":"https:\/\/wheelfront.com\/shop\/?s={search_term_string}"},"query-input":{"@type":"PropertyValueSpecification","valueRequired":true,"valueName":"search_term_string"}}],"inLanguage":"en-US"},{"@type":["Organization","Place","AutomotiveBusiness"],"@id":"https:\/\/wheelfront.com\/shop\/#organization","name":"Wheel Front Ltd. Liability Company","alternateName":"Wheel Front","url":"https:\/\/wheelfront.com\/shop\/","logo":{"@id":"https:\/\/wheelfront.com\/shop\/product\/bbk-performance-1-7-8in-long-tube-header-titanium-16-17-camaro-4044\/#local-main-organization-logo"},"image":{"@id":"https:\/\/wheelfront.com\/shop\/product\/bbk-performance-1-7-8in-long-tube-header-titanium-16-17-camaro-4044\/#local-main-organization-logo"},"sameAs":["https:\/\/www.facebook.com\/wheelfront\/","https:\/\/instagram.com\/wheel_front\/","https:\/\/www.youtube.com\/channel\/UCl-Wgoq8L-YovGmjMLGKwgg\/videos","https:\/\/www.pinterest.com\/wheelfront\/"],"description":"Wheel Front was established in 2018, fully concentrate on Aftermarket Wheels industry, Auto Parts and Automotive industry.","legalName":"Wheel Front Ltd. Liability Company","foundingDate":"2024-12-02","numberOfEmployees":{"@type":"QuantitativeValue","minValue":"1","maxValue":"10"},"publishingPrinciples":"https:\/\/wheelfront.com\/shop\/terms-of-service\/","ownershipFundingInfo":"https:\/\/wheelfront.com\/shop\/about-us\/","actionableFeedbackPolicy":"https:\/\/wheelfront.com\/shop\/terms-of-service\/","ethicsPolicy":"https:\/\/wheelfront.com\/shop\/terms-of-service\/","address":{"@id":"https:\/\/wheelfront.com\/shop\/product\/bbk-performance-1-7-8in-long-tube-header-titanium-16-17-camaro-4044\/#local-main-place-address"},"geo":{"@type":"GeoCoordinates","latitude":"44.7977766","longitude":"-106.9549483"},"telephone":["+1 (307) 333-9930"],"contactPoint":{"@type":"ContactPoint","email":"info@wheelfront.com"},"openingHoursSpecification":{"@type":"OpeningHoursSpecification","dayOfWeek":["Monday","Tuesday","Wednesday","Thursday","Friday","Saturday","Sunday"],"opens":"00:00","closes":"23:59"},"email":"info@wheelfront.com","taxID":"981829216","priceRange":"$","paymentAccepted":"Credit\/Debit Cards, ACH Payment, Amazon Pay, Direct bank transfer"},{"@type":"PostalAddress","@id":"https:\/\/wheelfront.com\/shop\/product\/bbk-performance-1-7-8in-long-tube-header-titanium-16-17-camaro-4044\/#local-main-place-address","streetAddress":"30 N Gould St #40137","addressLocality":"Sheridan","postalCode":"82801","addressRegion":"Wyoming","addressCountry":"US"},{"@type":"ImageObject","inLanguage":"en-US","@id":"https:\/\/wheelfront.com\/shop\/product\/bbk-performance-1-7-8in-long-tube-header-titanium-16-17-camaro-4044\/#local-main-organization-logo","url":"https:\/\/wheelfront.com\/shop\/wp-content\/uploads\/Untitled-design-13.png","contentUrl":"https:\/\/wheelfront.com\/shop\/wp-content\/uploads\/Untitled-design-13.png","width":500,"height":500,"caption":"Wheel Front Ltd. Liability Company"}]},"product_brand":"BBK PERFORMANCE","product_price_amount":"799.99","product_price_currency":"USD","og_availability":"instock","product_availability":"instock","product_retailer_item_id":"BBK4044","product_condition":"new","geo.placename":"Sheridan","geo.position":{"lat":"44.7977766","long":"-106.9549483"},"geo.region":"United States (US)"},"_links":{"self":[{"href":"https:\/\/wheelfront.com\/shop\/wp-json\/wp\/v2\/product\/55278","targetHints":{"allow":["GET"]}}],"collection":[{"href":"https:\/\/wheelfront.com\/shop\/wp-json\/wp\/v2\/product"}],"about":[{"href":"https:\/\/wheelfront.com\/shop\/wp-json\/wp\/v2\/types\/product"}],"replies":[{"embeddable":true,"href":"https:\/\/wheelfront.com\/shop\/wp-json\/wp\/v2\/comments?post=55278"}],"wp:featuredmedia":[{"embeddable":true,"href":"https:\/\/wheelfront.com\/shop\/wp-json\/wp\/v2\/media\/55279"}],"wp:attachment":[{"href":"https:\/\/wheelfront.com\/shop\/wp-json\/wp\/v2\/media?parent=55278"}],"wp:term":[{"taxonomy":"product_cat","embeddable":true,"href":"https:\/\/wheelfront.com\/shop\/wp-json\/wp\/v2\/product_cat?post=55278"},{"taxonomy":"product_tag","embeddable":true,"href":"https:\/\/wheelfront.com\/shop\/wp-json\/wp\/v2\/product_tag?post=55278"},{"taxonomy":"vehicles","embeddable":true,"href":"https:\/\/wheelfront.com\/shop\/wp-json\/wp\/v2\/vehicles?post=55278"},{"taxonomy":"misspellings","embeddable":true,"href":"https:\/\/wheelfront.com\/shop\/wp-json\/wp\/v2\/misspellings?post=55278"},{"taxonomy":"woo-feed-brand","embeddable":true,"href":"https:\/\/wheelfront.com\/shop\/wp-json\/wp\/v2\/woo-feed-brand?post=55278"}],"curies":[{"name":"wp","href":"https:\/\/api.w.org\/{rel}","templated":true}]}}