{"id":104777,"date":"2025-02-07T09:55:01","date_gmt":"2025-02-07T09:55:01","guid":{"rendered":"https:\/\/wheelfront.com\/shop\/product\/diablosport-programmer-trinity-2-gm-vehicles-17-19-9246\/"},"modified":"2026-04-21T20:18:49","modified_gmt":"2026-04-21T20:18:49","slug":"diablosport-programmer-trinity-2-gm-vehicles-17-19-9246","status":"publish","type":"product","link":"https:\/\/wheelfront.com\/shop\/product\/diablosport-programmer-trinity-2-gm-vehicles-17-19-9246\/","title":{"rendered":"DIABLOSPORT Programmer &#8211; Trinity 2 GM Vehicles 17-19 9246"},"content":{"rendered":"<p>Programmer &#8211; Trinity 2 Platinum &#8211; GM Applications 2017-19 &#8211; Each<br \/>\nBased on the manufacturer\u00c3\u00c2s description, this part is an illegal \u00c3\u00c2defeat device\u00c3\u00c2 that could cause certain affected vehicles to emit excess amounts of regulated air pollutants. Defeat devices are prohibited for sale or installation by the Clean Air Act. Due to this prohibition, this part can no longer be sold or offered for sale by Lane Automotive, Inc, and should not be offered for sale by any other affected seller.<br \/>\n<div id=\"footable_parent_19511\"\n         class=\" footable_parent ninja_table_wrapper loading_ninja_table wp_table_data_press_parent semantic_ui \">\n                    <h3 class=\"table_title footable_title\">Why Choose Us?<\/h3>\n                        <table data-ninja_table_instance=\"ninja_table_instance_0\" data-footable_id=\"19511\" data-filter-delay=\"1000\" aria-label=\"Why Choose Us?\"            id=\"footable_19511\"\n           data-unique_identifier=\"ninja_table_unique_id_2383031538_19511\"\n           class=\" foo-table ninja_footable foo_table_19511 ninja_table_unique_id_2383031538_19511 ui table  nt_type_ajax_table celled hide_horizonal_borders striped vertical_centered  footable-paging-center ninja_table_search_disabled\">\n                <colgroup>\n                            <col class=\"ninja_column_0 \">\n                            <col class=\"ninja_column_1 \">\n                            <col class=\"ninja_column_2 \">\n                    <\/colgroup>\n            <\/table>\n    \n    \n    \n<\/div>\n<\/p>\n","protected":false},"excerpt":{"rendered":"<p>Programmer &#8211; Trinity 2 Platinum &#8211; GM Applications 2017-19 &#8211; Each<br \/>\nBased on the manufacturer\u00c3\u00c2s description, this part is an illegal \u00c3\u00c2defeat device\u00c3\u00c2 that could cause certain affected vehicles to emit excess amounts of regulated air pollutants. Defeat devices are prohibited for sale or installation by the Clean Air Act. Due to this prohibition, this part can no longer be sold or offered for sale by Lane Automotive, Inc, and should not be offered for sale by any other affected seller.<\/p>\n","protected":false},"featured_media":104774,"comment_status":"open","ping_status":"closed","template":"","meta":[],"product_cat":[38493,34551],"product_tag":[36932],"vehicles":[],"misspellings":[],"woo-feed-brand":[],"class_list":{"0":"post-104777","1":"product","2":"type-product","3":"status-publish","4":"has-post-thumbnail","6":"product_cat-computers-chips-modules-and-programmers","7":"product_cat-ignitions-and-electrical","8":"product_tag-computer-programmers","9":"pa_brand-diablosport","10":"pa_condition-new","11":"pa_type-2-computer-programmers","13":"first","14":"onbackorder","15":"sale","16":"taxable","17":"shipping-taxable","18":"purchasable","19":"product-type-simple"},"yoast_head":"<!-- This site is optimized with the Yoast SEO Premium plugin v23.9 (Yoast SEO v27.4) - https:\/\/yoast.com\/product\/yoast-seo-premium-wordpress\/ -->\n<title>DIABLOSPORT Programmer - Trinity 2 GM Vehicles 17-19 9246<\/title>\n<meta name=\"description\" content=\"DIABLOSPORT Programmer - Trinity 2 GM Vehicles 17-19 9246 - Wheel Front Aftermarket Shop . Buy Auto Parts on Wheel Front Shop. Quality parts. Perfect fit. Fast delivery.\" \/>\n<meta name=\"robots\" content=\"index, follow, max-snippet:-1, max-image-preview:large, max-video-preview:-1\" \/>\n<link rel=\"canonical\" href=\"https:\/\/wheelfront.com\/shop\/product\/diablosport-programmer-trinity-2-gm-vehicles-17-19-9246\/\" \/>\n<meta property=\"og:locale\" content=\"en_US\" \/>\n<meta property=\"og:type\" content=\"article\" \/>\n<meta property=\"og:title\" content=\"DIABLOSPORT Programmer - Trinity 2 GM Vehicles 17-19 9246\" \/>\n<meta property=\"og:description\" content=\"DIABLOSPORT Programmer - Trinity 2 GM Vehicles 17-19 9246 - Wheel Front Aftermarket Shop . Buy Auto Parts on Wheel Front Shop. Quality parts. Perfect fit. Fast delivery.\" \/>\n<meta property=\"og:url\" content=\"https:\/\/wheelfront.com\/shop\/product\/diablosport-programmer-trinity-2-gm-vehicles-17-19-9246\/\" \/>\n<meta property=\"og:site_name\" content=\"Wheel Front Aftermarket Shop\" \/>\n<meta property=\"article:publisher\" content=\"https:\/\/www.facebook.com\/wheelfront\/\" \/>\n<meta property=\"article:modified_time\" content=\"2026-04-21T20:18:49+00:00\" \/>\n<meta name=\"twitter:card\" content=\"summary_large_image\" \/>\n<meta name=\"twitter:label1\" content=\"Price\" \/>\n\t<meta name=\"twitter:data1\" content=\"&#036;690.95\" \/>\n\t<meta name=\"twitter:label2\" content=\"Availability\" \/>\n\t<meta name=\"twitter:data2\" content=\"On backorder\" \/>\n<script type=\"application\/ld+json\" class=\"yoast-schema-graph\">{\"@context\":\"https:\\\/\\\/schema.org\",\"@graph\":[{\"@type\":\"WebPage\",\"@id\":\"https:\\\/\\\/wheelfront.com\\\/shop\\\/product\\\/diablosport-programmer-trinity-2-gm-vehicles-17-19-9246\\\/\",\"url\":\"https:\\\/\\\/wheelfront.com\\\/shop\\\/product\\\/diablosport-programmer-trinity-2-gm-vehicles-17-19-9246\\\/\",\"name\":\"DIABLOSPORT Programmer - Trinity 2 GM Vehicles 17-19 9246\",\"isPartOf\":{\"@id\":\"https:\\\/\\\/wheelfront.com\\\/shop\\\/#website\"},\"primaryImageOfPage\":{\"@id\":\"https:\\\/\\\/wheelfront.com\\\/shop\\\/product\\\/diablosport-programmer-trinity-2-gm-vehicles-17-19-9246\\\/#primaryimage\"},\"image\":{\"@id\":\"https:\\\/\\\/wheelfront.com\\\/shop\\\/product\\\/diablosport-programmer-trinity-2-gm-vehicles-17-19-9246\\\/#primaryimage\"},\"thumbnailUrl\":\"https:\\\/\\\/wheelfront.com\\\/shop\\\/wp-content\\\/uploads\\\/DBL9246.jpg\",\"datePublished\":\"2025-02-07T09:55:01+00:00\",\"dateModified\":\"2026-04-21T20:18:49+00:00\",\"description\":\"DIABLOSPORT Programmer - Trinity 2 GM Vehicles 17-19 9246 - Wheel Front Aftermarket Shop . Buy Auto Parts on Wheel Front Shop. Quality parts. Perfect fit. Fast delivery.\",\"breadcrumb\":{\"@id\":\"https:\\\/\\\/wheelfront.com\\\/shop\\\/product\\\/diablosport-programmer-trinity-2-gm-vehicles-17-19-9246\\\/#breadcrumb\"},\"inLanguage\":\"en-US\",\"potentialAction\":[{\"@type\":\"ReadAction\",\"target\":[\"https:\\\/\\\/wheelfront.com\\\/shop\\\/product\\\/diablosport-programmer-trinity-2-gm-vehicles-17-19-9246\\\/\"]}]},{\"@type\":\"ImageObject\",\"inLanguage\":\"en-US\",\"@id\":\"https:\\\/\\\/wheelfront.com\\\/shop\\\/product\\\/diablosport-programmer-trinity-2-gm-vehicles-17-19-9246\\\/#primaryimage\",\"url\":\"https:\\\/\\\/wheelfront.com\\\/shop\\\/wp-content\\\/uploads\\\/DBL9246.jpg\",\"contentUrl\":\"https:\\\/\\\/wheelfront.com\\\/shop\\\/wp-content\\\/uploads\\\/DBL9246.jpg\",\"width\":950,\"height\":950},{\"@type\":\"BreadcrumbList\",\"@id\":\"https:\\\/\\\/wheelfront.com\\\/shop\\\/product\\\/diablosport-programmer-trinity-2-gm-vehicles-17-19-9246\\\/#breadcrumb\",\"itemListElement\":[{\"@type\":\"ListItem\",\"position\":1,\"name\":\"Home\",\"item\":\"https:\\\/\\\/wheelfront.com\\\/shop\\\/\"},{\"@type\":\"ListItem\",\"position\":2,\"name\":\"Shop\",\"item\":\"https:\\\/\\\/wheelfront.com\\\/shop\\\/shop-all\\\/\"},{\"@type\":\"ListItem\",\"position\":3,\"name\":\"DIABLOSPORT Programmer &#8211; Trinity 2 GM Vehicles 17-19 9246\"}]},{\"@type\":\"WebSite\",\"@id\":\"https:\\\/\\\/wheelfront.com\\\/shop\\\/#website\",\"url\":\"https:\\\/\\\/wheelfront.com\\\/shop\\\/\",\"name\":\"Wheel Front Aftermarket Shop\",\"description\":\"Auto Parts, Car Wheels and Accessories\",\"publisher\":{\"@id\":\"https:\\\/\\\/wheelfront.com\\\/shop\\\/#organization\"},\"alternateName\":\"Wheel Front Shop\",\"potentialAction\":[{\"@type\":\"SearchAction\",\"target\":{\"@type\":\"EntryPoint\",\"urlTemplate\":\"https:\\\/\\\/wheelfront.com\\\/shop\\\/?s={search_term_string}\"},\"query-input\":{\"@type\":\"PropertyValueSpecification\",\"valueRequired\":true,\"valueName\":\"search_term_string\"}}],\"inLanguage\":\"en-US\"},{\"@type\":[\"Organization\",\"Place\",\"AutomotiveBusiness\"],\"@id\":\"https:\\\/\\\/wheelfront.com\\\/shop\\\/#organization\",\"name\":\"Wheel Front Ltd. Liability Company\",\"alternateName\":\"Wheel Front\",\"url\":\"https:\\\/\\\/wheelfront.com\\\/shop\\\/\",\"logo\":{\"@id\":\"https:\\\/\\\/wheelfront.com\\\/shop\\\/product\\\/diablosport-programmer-trinity-2-gm-vehicles-17-19-9246\\\/#local-main-organization-logo\"},\"image\":{\"@id\":\"https:\\\/\\\/wheelfront.com\\\/shop\\\/product\\\/diablosport-programmer-trinity-2-gm-vehicles-17-19-9246\\\/#local-main-organization-logo\"},\"sameAs\":[\"https:\\\/\\\/www.facebook.com\\\/wheelfront\\\/\",\"https:\\\/\\\/instagram.com\\\/wheel_front\\\/\",\"https:\\\/\\\/www.youtube.com\\\/channel\\\/UCl-Wgoq8L-YovGmjMLGKwgg\\\/videos\",\"https:\\\/\\\/www.pinterest.com\\\/wheelfront\\\/\"],\"description\":\"Wheel Front was established in 2018, fully concentrate on Aftermarket Wheels industry, Auto Parts and Automotive industry.\",\"legalName\":\"Wheel Front Ltd. Liability Company\",\"foundingDate\":\"2024-12-02\",\"numberOfEmployees\":{\"@type\":\"QuantitativeValue\",\"minValue\":\"1\",\"maxValue\":\"10\"},\"publishingPrinciples\":\"https:\\\/\\\/wheelfront.com\\\/shop\\\/terms-of-service\\\/\",\"ownershipFundingInfo\":\"https:\\\/\\\/wheelfront.com\\\/shop\\\/about-us\\\/\",\"actionableFeedbackPolicy\":\"https:\\\/\\\/wheelfront.com\\\/shop\\\/terms-of-service\\\/\",\"ethicsPolicy\":\"https:\\\/\\\/wheelfront.com\\\/shop\\\/terms-of-service\\\/\",\"address\":{\"@id\":\"https:\\\/\\\/wheelfront.com\\\/shop\\\/product\\\/diablosport-programmer-trinity-2-gm-vehicles-17-19-9246\\\/#local-main-place-address\"},\"geo\":{\"@type\":\"GeoCoordinates\",\"latitude\":\"44.7977766\",\"longitude\":\"-106.9549483\"},\"telephone\":[\"+1 (307) 333-9930\"],\"contactPoint\":{\"@type\":\"ContactPoint\",\"email\":\"info@wheelfront.com\"},\"openingHoursSpecification\":{\"@type\":\"OpeningHoursSpecification\",\"dayOfWeek\":[\"Monday\",\"Tuesday\",\"Wednesday\",\"Thursday\",\"Friday\",\"Saturday\",\"Sunday\"],\"opens\":\"00:00\",\"closes\":\"23:59\"},\"email\":\"info@wheelfront.com\",\"taxID\":\"981829216\",\"priceRange\":\"$\",\"paymentAccepted\":\"Credit\\\/Debit Cards, ACH Payment, Amazon Pay, Direct bank transfer\"},{\"@type\":\"PostalAddress\",\"@id\":\"https:\\\/\\\/wheelfront.com\\\/shop\\\/product\\\/diablosport-programmer-trinity-2-gm-vehicles-17-19-9246\\\/#local-main-place-address\",\"streetAddress\":\"30 N Gould St #40137\",\"addressLocality\":\"Sheridan\",\"postalCode\":\"82801\",\"addressRegion\":\"Wyoming\",\"addressCountry\":\"US\"},{\"@type\":\"ImageObject\",\"inLanguage\":\"en-US\",\"@id\":\"https:\\\/\\\/wheelfront.com\\\/shop\\\/product\\\/diablosport-programmer-trinity-2-gm-vehicles-17-19-9246\\\/#local-main-organization-logo\",\"url\":\"https:\\\/\\\/wheelfront.com\\\/shop\\\/wp-content\\\/uploads\\\/Untitled-design-13.png\",\"contentUrl\":\"https:\\\/\\\/wheelfront.com\\\/shop\\\/wp-content\\\/uploads\\\/Untitled-design-13.png\",\"width\":500,\"height\":500,\"caption\":\"Wheel Front Ltd. Liability Company\"}]}<\/script>\n<meta property=\"product:brand\" content=\"DIABLOSPORT\" \/>\n<meta property=\"product:price:amount\" content=\"690.95\" \/>\n<meta property=\"product:price:currency\" content=\"USD\" \/>\n<meta property=\"og:availability\" content=\"backorder\" \/>\n<meta property=\"product:availability\" content=\"available for order\" \/>\n<meta property=\"product:retailer_item_id\" content=\"DBL9246\" \/>\n<meta property=\"product:condition\" content=\"new\" \/>\n<meta name=\"geo.placename\" content=\"Sheridan\" \/>\n<meta name=\"geo.position\" content=\"44.7977766;-106.9549483\" \/>\n<meta name=\"geo.region\" content=\"United States (US)\" \/>\n<!-- \/ Yoast SEO Premium plugin. -->","yoast_head_json":{"title":"DIABLOSPORT Programmer - Trinity 2 GM Vehicles 17-19 9246","description":"DIABLOSPORT Programmer - Trinity 2 GM Vehicles 17-19 9246 - Wheel Front Aftermarket Shop . Buy Auto Parts on Wheel Front Shop. Quality parts. Perfect fit. Fast delivery.","robots":{"index":"index","follow":"follow","max-snippet":"max-snippet:-1","max-image-preview":"max-image-preview:large","max-video-preview":"max-video-preview:-1"},"canonical":"https:\/\/wheelfront.com\/shop\/product\/diablosport-programmer-trinity-2-gm-vehicles-17-19-9246\/","og_locale":"en_US","og_type":"article","og_title":"DIABLOSPORT Programmer - Trinity 2 GM Vehicles 17-19 9246","og_description":"DIABLOSPORT Programmer - Trinity 2 GM Vehicles 17-19 9246 - Wheel Front Aftermarket Shop . Buy Auto Parts on Wheel Front Shop. Quality parts. Perfect fit. Fast delivery.","og_url":"https:\/\/wheelfront.com\/shop\/product\/diablosport-programmer-trinity-2-gm-vehicles-17-19-9246\/","og_site_name":"Wheel Front Aftermarket Shop","article_publisher":"https:\/\/www.facebook.com\/wheelfront\/","article_modified_time":"2026-04-21T20:18:49+00:00","twitter_card":"summary_large_image","twitter_misc":{"Price":"&#36;690.95","Availability":"On backorder"},"schema":{"@context":"https:\/\/schema.org","@graph":[{"@type":"WebPage","@id":"https:\/\/wheelfront.com\/shop\/product\/diablosport-programmer-trinity-2-gm-vehicles-17-19-9246\/","url":"https:\/\/wheelfront.com\/shop\/product\/diablosport-programmer-trinity-2-gm-vehicles-17-19-9246\/","name":"DIABLOSPORT Programmer - Trinity 2 GM Vehicles 17-19 9246","isPartOf":{"@id":"https:\/\/wheelfront.com\/shop\/#website"},"primaryImageOfPage":{"@id":"https:\/\/wheelfront.com\/shop\/product\/diablosport-programmer-trinity-2-gm-vehicles-17-19-9246\/#primaryimage"},"image":{"@id":"https:\/\/wheelfront.com\/shop\/product\/diablosport-programmer-trinity-2-gm-vehicles-17-19-9246\/#primaryimage"},"thumbnailUrl":"https:\/\/wheelfront.com\/shop\/wp-content\/uploads\/DBL9246.jpg","datePublished":"2025-02-07T09:55:01+00:00","dateModified":"2026-04-21T20:18:49+00:00","description":"DIABLOSPORT Programmer - Trinity 2 GM Vehicles 17-19 9246 - Wheel Front Aftermarket Shop . Buy Auto Parts on Wheel Front Shop. Quality parts. Perfect fit. Fast delivery.","breadcrumb":{"@id":"https:\/\/wheelfront.com\/shop\/product\/diablosport-programmer-trinity-2-gm-vehicles-17-19-9246\/#breadcrumb"},"inLanguage":"en-US","potentialAction":[{"@type":"ReadAction","target":["https:\/\/wheelfront.com\/shop\/product\/diablosport-programmer-trinity-2-gm-vehicles-17-19-9246\/"]}]},{"@type":"ImageObject","inLanguage":"en-US","@id":"https:\/\/wheelfront.com\/shop\/product\/diablosport-programmer-trinity-2-gm-vehicles-17-19-9246\/#primaryimage","url":"https:\/\/wheelfront.com\/shop\/wp-content\/uploads\/DBL9246.jpg","contentUrl":"https:\/\/wheelfront.com\/shop\/wp-content\/uploads\/DBL9246.jpg","width":950,"height":950},{"@type":"BreadcrumbList","@id":"https:\/\/wheelfront.com\/shop\/product\/diablosport-programmer-trinity-2-gm-vehicles-17-19-9246\/#breadcrumb","itemListElement":[{"@type":"ListItem","position":1,"name":"Home","item":"https:\/\/wheelfront.com\/shop\/"},{"@type":"ListItem","position":2,"name":"Shop","item":"https:\/\/wheelfront.com\/shop\/shop-all\/"},{"@type":"ListItem","position":3,"name":"DIABLOSPORT Programmer &#8211; Trinity 2 GM Vehicles 17-19 9246"}]},{"@type":"WebSite","@id":"https:\/\/wheelfront.com\/shop\/#website","url":"https:\/\/wheelfront.com\/shop\/","name":"Wheel Front Aftermarket Shop","description":"Auto Parts, Car Wheels and Accessories","publisher":{"@id":"https:\/\/wheelfront.com\/shop\/#organization"},"alternateName":"Wheel Front Shop","potentialAction":[{"@type":"SearchAction","target":{"@type":"EntryPoint","urlTemplate":"https:\/\/wheelfront.com\/shop\/?s={search_term_string}"},"query-input":{"@type":"PropertyValueSpecification","valueRequired":true,"valueName":"search_term_string"}}],"inLanguage":"en-US"},{"@type":["Organization","Place","AutomotiveBusiness"],"@id":"https:\/\/wheelfront.com\/shop\/#organization","name":"Wheel Front Ltd. Liability Company","alternateName":"Wheel Front","url":"https:\/\/wheelfront.com\/shop\/","logo":{"@id":"https:\/\/wheelfront.com\/shop\/product\/diablosport-programmer-trinity-2-gm-vehicles-17-19-9246\/#local-main-organization-logo"},"image":{"@id":"https:\/\/wheelfront.com\/shop\/product\/diablosport-programmer-trinity-2-gm-vehicles-17-19-9246\/#local-main-organization-logo"},"sameAs":["https:\/\/www.facebook.com\/wheelfront\/","https:\/\/instagram.com\/wheel_front\/","https:\/\/www.youtube.com\/channel\/UCl-Wgoq8L-YovGmjMLGKwgg\/videos","https:\/\/www.pinterest.com\/wheelfront\/"],"description":"Wheel Front was established in 2018, fully concentrate on Aftermarket Wheels industry, Auto Parts and Automotive industry.","legalName":"Wheel Front Ltd. Liability Company","foundingDate":"2024-12-02","numberOfEmployees":{"@type":"QuantitativeValue","minValue":"1","maxValue":"10"},"publishingPrinciples":"https:\/\/wheelfront.com\/shop\/terms-of-service\/","ownershipFundingInfo":"https:\/\/wheelfront.com\/shop\/about-us\/","actionableFeedbackPolicy":"https:\/\/wheelfront.com\/shop\/terms-of-service\/","ethicsPolicy":"https:\/\/wheelfront.com\/shop\/terms-of-service\/","address":{"@id":"https:\/\/wheelfront.com\/shop\/product\/diablosport-programmer-trinity-2-gm-vehicles-17-19-9246\/#local-main-place-address"},"geo":{"@type":"GeoCoordinates","latitude":"44.7977766","longitude":"-106.9549483"},"telephone":["+1 (307) 333-9930"],"contactPoint":{"@type":"ContactPoint","email":"info@wheelfront.com"},"openingHoursSpecification":{"@type":"OpeningHoursSpecification","dayOfWeek":["Monday","Tuesday","Wednesday","Thursday","Friday","Saturday","Sunday"],"opens":"00:00","closes":"23:59"},"email":"info@wheelfront.com","taxID":"981829216","priceRange":"$","paymentAccepted":"Credit\/Debit Cards, ACH Payment, Amazon Pay, Direct bank transfer"},{"@type":"PostalAddress","@id":"https:\/\/wheelfront.com\/shop\/product\/diablosport-programmer-trinity-2-gm-vehicles-17-19-9246\/#local-main-place-address","streetAddress":"30 N Gould St #40137","addressLocality":"Sheridan","postalCode":"82801","addressRegion":"Wyoming","addressCountry":"US"},{"@type":"ImageObject","inLanguage":"en-US","@id":"https:\/\/wheelfront.com\/shop\/product\/diablosport-programmer-trinity-2-gm-vehicles-17-19-9246\/#local-main-organization-logo","url":"https:\/\/wheelfront.com\/shop\/wp-content\/uploads\/Untitled-design-13.png","contentUrl":"https:\/\/wheelfront.com\/shop\/wp-content\/uploads\/Untitled-design-13.png","width":500,"height":500,"caption":"Wheel Front Ltd. Liability Company"}]},"product_brand":"DIABLOSPORT","product_price_amount":"690.95","product_price_currency":"USD","og_availability":"backorder","product_availability":"available for order","product_retailer_item_id":"DBL9246","product_condition":"new","geo.placename":"Sheridan","geo.position":{"lat":"44.7977766","long":"-106.9549483"},"geo.region":"United States (US)"},"_links":{"self":[{"href":"https:\/\/wheelfront.com\/shop\/wp-json\/wp\/v2\/product\/104777","targetHints":{"allow":["GET"]}}],"collection":[{"href":"https:\/\/wheelfront.com\/shop\/wp-json\/wp\/v2\/product"}],"about":[{"href":"https:\/\/wheelfront.com\/shop\/wp-json\/wp\/v2\/types\/product"}],"replies":[{"embeddable":true,"href":"https:\/\/wheelfront.com\/shop\/wp-json\/wp\/v2\/comments?post=104777"}],"wp:featuredmedia":[{"embeddable":true,"href":"https:\/\/wheelfront.com\/shop\/wp-json\/wp\/v2\/media\/104774"}],"wp:attachment":[{"href":"https:\/\/wheelfront.com\/shop\/wp-json\/wp\/v2\/media?parent=104777"}],"wp:term":[{"taxonomy":"product_cat","embeddable":true,"href":"https:\/\/wheelfront.com\/shop\/wp-json\/wp\/v2\/product_cat?post=104777"},{"taxonomy":"product_tag","embeddable":true,"href":"https:\/\/wheelfront.com\/shop\/wp-json\/wp\/v2\/product_tag?post=104777"},{"taxonomy":"vehicles","embeddable":true,"href":"https:\/\/wheelfront.com\/shop\/wp-json\/wp\/v2\/vehicles?post=104777"},{"taxonomy":"misspellings","embeddable":true,"href":"https:\/\/wheelfront.com\/shop\/wp-json\/wp\/v2\/misspellings?post=104777"},{"taxonomy":"woo-feed-brand","embeddable":true,"href":"https:\/\/wheelfront.com\/shop\/wp-json\/wp\/v2\/woo-feed-brand?post=104777"}],"curies":[{"name":"wp","href":"https:\/\/api.w.org\/{rel}","templated":true}]}}